{"id":1710,"date":"2024-03-21T22:23:20","date_gmt":"2024-03-21T22:23:20","guid":{"rendered":"https:\/\/vidasmilecare.com\/?page_id=1710"},"modified":"2025-03-07T22:38:49","modified_gmt":"2025-03-07T22:38:49","slug":"privacy-policy","status":"publish","type":"page","link":"https:\/\/vidasmilecare.com\/es\/privacy-policy\/","title":{"rendered":"Privacy Policy"},"content":{"rendered":"<div data-elementor-type=\"wp-page\" data-elementor-id=\"1710\" class=\"elementor elementor-1710\" data-elementor-post-type=\"page\">\n\t\t\t\t\t\t<section data-particle_enable=\"false\" data-particle-mobile-disabled=\"false\" class=\"elementor-section elementor-top-section elementor-element elementor-element-b0e5716 elementor-section-boxed elementor-section-height-default elementor-section-height-default\" data-id=\"b0e5716\" data-element_type=\"section\" data-settings=\"{&quot;background_background&quot;:&quot;classic&quot;,&quot;ekit_has_onepagescroll_dot&quot;:&quot;yes&quot;}\">\n\t\t\t\t\t\t<div class=\"elementor-container elementor-column-gap-default\">\n\t\t\t\t\t<div class=\"elementor-column elementor-col-100 elementor-top-column elementor-element elementor-element-808fda8\" data-id=\"808fda8\" data-element_type=\"column\">\n\t\t\t<div class=\"elementor-widget-wrap elementor-element-populated\">\n\t\t\t\t\t\t<div class=\"elementor-element elementor-element-68e702b elementor-widget elementor-widget-heading\" data-id=\"68e702b\" data-element_type=\"widget\" data-settings=\"{&quot;ekit_we_effect_on&quot;:&quot;none&quot;}\" data-widget_type=\"heading.default\">\n\t\t\t\t<div class=\"elementor-widget-container\">\n\t\t\t<h2 class=\"elementor-heading-title elementor-size-default\">Pol\u00edtica de privacidad<\/h2>\t\t<\/div>\n\t\t\t\t<\/div>\n\t\t\t\t\t<\/div>\n\t\t<\/div>\n\t\t\t\t\t<\/div>\n\t\t<\/section>\n\t\t\t\t<section data-particle_enable=\"false\" data-particle-mobile-disabled=\"false\" class=\"elementor-section elementor-top-section elementor-element elementor-element-379da51 elementor-section-boxed elementor-section-height-default elementor-section-height-default\" data-id=\"379da51\" data-element_type=\"section\" data-settings=\"{&quot;ekit_has_onepagescroll_dot&quot;:&quot;yes&quot;}\">\n\t\t\t\t\t\t<div class=\"elementor-container elementor-column-gap-default\">\n\t\t\t\t\t<div class=\"elementor-column elementor-col-100 elementor-top-column elementor-element elementor-element-54b2337\" data-id=\"54b2337\" data-element_type=\"column\">\n\t\t\t<div class=\"elementor-widget-wrap elementor-element-populated\">\n\t\t\t\t\t\t<div class=\"elementor-element elementor-element-95061fd elementor-invisible elementor-widget elementor-widget-heading\" data-id=\"95061fd\" data-element_type=\"widget\" data-settings=\"{&quot;_animation&quot;:&quot;fadeInLeft&quot;,&quot;ekit_we_effect_on&quot;:&quot;none&quot;}\" data-widget_type=\"heading.default\">\n\t\t\t\t<div class=\"elementor-widget-container\">\n\t\t\t<h2 class=\"elementor-heading-title elementor-size-default\">Pol\u00edtica de privacidad de Vida Smiles LLC<\/h2>\t\t<\/div>\n\t\t\t\t<\/div>\n\t\t\t\t<div class=\"elementor-element elementor-element-df3f5a8 elementor-invisible elementor-widget elementor-widget-text-editor\" data-id=\"df3f5a8\" data-element_type=\"widget\" data-settings=\"{&quot;_animation&quot;:&quot;fadeInLeft&quot;,&quot;ekit_we_effect_on&quot;:&quot;none&quot;}\" data-widget_type=\"text-editor.default\">\n\t\t\t\t<div class=\"elementor-widget-container\">\n\t\t\t\t\t\t\t<p>En Vida Smiles LLC, accesible desde https:\/\/vidasmilecare.com\/how-it-works\/, una de nuestras principales prioridades es la privacidad de nuestros visitantes. Este documento de Pol\u00edtica de privacidad contiene tipos de informaci\u00f3n que Vida Smiles LLC recopila y registra y c\u00f3mo la usamos.<\/p>\t\t\t\t\t\t<\/div>\n\t\t\t\t<\/div>\n\t\t\t\t<div class=\"elementor-element elementor-element-af69a08 elementor-invisible elementor-widget elementor-widget-heading\" data-id=\"af69a08\" data-element_type=\"widget\" data-settings=\"{&quot;_animation&quot;:&quot;fadeInLeft&quot;,&quot;ekit_we_effect_on&quot;:&quot;none&quot;}\" data-widget_type=\"heading.default\">\n\t\t\t\t<div class=\"elementor-widget-container\">\n\t\t\t<h2 class=\"elementor-heading-title elementor-size-default\">Archivos de registro<\/h2>\t\t<\/div>\n\t\t\t\t<\/div>\n\t\t\t\t<div class=\"elementor-element elementor-element-4a3c1e5 elementor-invisible elementor-widget elementor-widget-text-editor\" data-id=\"4a3c1e5\" data-element_type=\"widget\" data-settings=\"{&quot;_animation&quot;:&quot;fadeInLeft&quot;,&quot;ekit_we_effect_on&quot;:&quot;none&quot;}\" data-widget_type=\"text-editor.default\">\n\t\t\t\t<div class=\"elementor-widget-container\">\n\t\t\t\t\t\t\t<p>Vida Smiles LLC sigue un procedimiento est\u00e1ndar de uso de archivos de registro. Estos archivos registran a los visitantes cuando visitan sitios web. Todas las empresas de hosting hacen esto y forman parte del an\u00e1lisis de los servicios de hosting. La informaci\u00f3n recopilada por los archivos de registro incluye direcciones de protocolo de Internet (IP), tipo de navegador, proveedor de servicios de Internet (ISP), marca de fecha y hora, p\u00e1ginas de referencia\/salida y posiblemente la cantidad de clics. Estos no est\u00e1n vinculados a ninguna informaci\u00f3n que sea de identificaci\u00f3n personal. El prop\u00f3sito de la informaci\u00f3n es analizar tendencias, administrar el sitio, rastrear el movimiento de los usuarios en el sitio web y recopilar informaci\u00f3n demogr\u00e1fica.<\/p>\t\t\t\t\t\t<\/div>\n\t\t\t\t<\/div>\n\t\t\t\t<div class=\"elementor-element elementor-element-4a9374c elementor-invisible elementor-widget elementor-widget-heading\" data-id=\"4a9374c\" data-element_type=\"widget\" data-settings=\"{&quot;_animation&quot;:&quot;fadeInLeft&quot;,&quot;ekit_we_effect_on&quot;:&quot;none&quot;}\" data-widget_type=\"heading.default\">\n\t\t\t\t<div class=\"elementor-widget-container\">\n\t\t\t<h2 class=\"elementor-heading-title elementor-size-default\">Cookies y balizas web<\/h2>\t\t<\/div>\n\t\t\t\t<\/div>\n\t\t\t\t<div class=\"elementor-element elementor-element-8579f5e elementor-invisible elementor-widget elementor-widget-text-editor\" data-id=\"8579f5e\" data-element_type=\"widget\" data-settings=\"{&quot;_animation&quot;:&quot;fadeInLeft&quot;,&quot;ekit_we_effect_on&quot;:&quot;none&quot;}\" data-widget_type=\"text-editor.default\">\n\t\t\t\t<div class=\"elementor-widget-container\">\n\t\t\t\t\t\t\t<p>Como cualquier otro sitio web, Vida Smiles LLC utiliza \u201ccookies\u201d. Estas cookies se utilizan para almacenar informaci\u00f3n, incluidas las preferencias de los visitantes y las p\u00e1ginas del sitio web a las que el visitante accedi\u00f3 o visit\u00f3. La informaci\u00f3n se utiliza para optimizar la experiencia de los usuarios personalizando el contenido de nuestra p\u00e1gina web seg\u00fan el tipo de navegador de los visitantes y\/u otra informaci\u00f3n.<\/p><p>Para obtener m\u00e1s informaci\u00f3n general sobre las cookies, lea\u00a0<a href=\"https:\/\/www.cookieconsent.com\/what-are-cookies\/\" target=\"_blank\" rel=\"noopener\">\"\u00bfQu\u00e9 son las cookies?\" del Consentimiento de cookies<\/a>.<\/p>\t\t\t\t\t\t<\/div>\n\t\t\t\t<\/div>\n\t\t\t\t<div class=\"elementor-element elementor-element-66b13cb elementor-invisible elementor-widget elementor-widget-heading\" data-id=\"66b13cb\" data-element_type=\"widget\" data-settings=\"{&quot;_animation&quot;:&quot;fadeInLeft&quot;,&quot;ekit_we_effect_on&quot;:&quot;none&quot;}\" data-widget_type=\"heading.default\">\n\t\t\t\t<div class=\"elementor-widget-container\">\n\t\t\t<h2 class=\"elementor-heading-title elementor-size-default\">Cookie DART de doble clic de Google\n<\/h2>\t\t<\/div>\n\t\t\t\t<\/div>\n\t\t\t\t<div class=\"elementor-element elementor-element-b377917 elementor-invisible elementor-widget elementor-widget-text-editor\" data-id=\"b377917\" data-element_type=\"widget\" data-settings=\"{&quot;_animation&quot;:&quot;fadeInLeft&quot;,&quot;ekit_we_effect_on&quot;:&quot;none&quot;}\" data-widget_type=\"text-editor.default\">\n\t\t\t\t<div class=\"elementor-widget-container\">\n\t\t\t\t\t\t\t<p>Google es uno de los proveedores externos de nuestro sitio. Tambi\u00e9n utiliza cookies, conocidas como cookies DART, para mostrar anuncios a los visitantes de nuestro sitio en funci\u00f3n de su visita a www.website.com y otros sitios en Internet. Sin embargo, los visitantes pueden optar por rechazar el uso de cookies de DART visitando la Pol\u00edtica de privacidad de la red de contenido y publicidad de Google en la siguiente URL:\u00a0<a href=\"https:\/\/policies.google.com\/technologies\/ads\" target=\"_blank\" rel=\"noopener\">https:\/\/policies.google.com\/technologies\/ads<\/a><\/p>\t\t\t\t\t\t<\/div>\n\t\t\t\t<\/div>\n\t\t\t\t<div class=\"elementor-element elementor-element-ee31dbb elementor-invisible elementor-widget elementor-widget-heading\" data-id=\"ee31dbb\" data-element_type=\"widget\" data-settings=\"{&quot;_animation&quot;:&quot;fadeInLeft&quot;,&quot;ekit_we_effect_on&quot;:&quot;none&quot;}\" data-widget_type=\"heading.default\">\n\t\t\t\t<div class=\"elementor-widget-container\">\n\t\t\t<h2 class=\"elementor-heading-title elementor-size-default\">Nuestros socios publicitarios\n<\/h2>\t\t<\/div>\n\t\t\t\t<\/div>\n\t\t\t\t<div class=\"elementor-element elementor-element-ab6a6e3 elementor-invisible elementor-widget elementor-widget-text-editor\" data-id=\"ab6a6e3\" data-element_type=\"widget\" data-settings=\"{&quot;_animation&quot;:&quot;fadeInLeft&quot;,&quot;ekit_we_effect_on&quot;:&quot;none&quot;}\" data-widget_type=\"text-editor.default\">\n\t\t\t\t<div class=\"elementor-widget-container\">\n\t\t\t\t\t\t\t<p>Algunos de los anunciantes de nuestro sitio pueden utilizar cookies y balizas web. Nuestros socios publicitarios se enumeran a continuaci\u00f3n. Cada uno de nuestros socios publicitarios tiene su propia Pol\u00edtica de Privacidad para sus pol\u00edticas sobre datos de usuarios. Para un acceso m\u00e1s f\u00e1cil, hemos creado un hiperv\u00ednculo a sus Pol\u00edticas de privacidad a continuaci\u00f3n.<\/p><p>Google<\/p><p><a href=\"https:\/\/policies.google.com\/technologies\/ads\" target=\"_blank\" rel=\"noopener\">https:\/\/policies.google.com\/technologies\/ads<\/a><\/p>\t\t\t\t\t\t<\/div>\n\t\t\t\t<\/div>\n\t\t\t\t<div class=\"elementor-element elementor-element-2c69e83 elementor-invisible elementor-widget elementor-widget-heading\" data-id=\"2c69e83\" data-element_type=\"widget\" data-settings=\"{&quot;_animation&quot;:&quot;fadeInLeft&quot;,&quot;ekit_we_effect_on&quot;:&quot;none&quot;}\" data-widget_type=\"heading.default\">\n\t\t\t\t<div class=\"elementor-widget-container\">\n\t\t\t<h2 class=\"elementor-heading-title elementor-size-default\">Pol\u00edticas de privacidad<\/h2>\t\t<\/div>\n\t\t\t\t<\/div>\n\t\t\t\t<div class=\"elementor-element elementor-element-25c2f45 elementor-invisible elementor-widget elementor-widget-text-editor\" data-id=\"25c2f45\" data-element_type=\"widget\" data-settings=\"{&quot;_animation&quot;:&quot;fadeInLeft&quot;,&quot;ekit_we_effect_on&quot;:&quot;none&quot;}\" data-widget_type=\"text-editor.default\">\n\t\t\t\t<div class=\"elementor-widget-container\">\n\t\t\t\t\t\t\t<p>Puede consultar esta lista para encontrar la Pol\u00edtica de Privacidad de cada uno de los socios publicitarios de Vida Smiles LLC.<\/p><p>Los servidores o redes publicitarias de terceros utilizan tecnolog\u00edas como cookies, JavaScript o Web Beacons que se utilizan en sus respectivos anuncios y enlaces que aparecen en Vida Smiles LLC, que se env\u00edan directamente al navegador de los usuarios. Reciben autom\u00e1ticamente su direcci\u00f3n IP cuando esto ocurre. Estas tecnolog\u00edas se utilizan para medir la efectividad de sus campa\u00f1as publicitarias y\/o para personalizar el contenido publicitario que ve en los sitios web que visita.<\/p><p>Tenga en cuenta que Vida Smiles LLC no tiene acceso ni control sobre estas cookies que utilizan los anunciantes externos.<\/p>\t\t\t\t\t\t<\/div>\n\t\t\t\t<\/div>\n\t\t\t\t<div class=\"elementor-element elementor-element-b0eb367 elementor-invisible elementor-widget elementor-widget-heading\" data-id=\"b0eb367\" data-element_type=\"widget\" data-settings=\"{&quot;_animation&quot;:&quot;fadeInLeft&quot;,&quot;ekit_we_effect_on&quot;:&quot;none&quot;}\" data-widget_type=\"heading.default\">\n\t\t\t\t<div class=\"elementor-widget-container\">\n\t\t\t<h2 class=\"elementor-heading-title elementor-size-default\">Pol\u00edticas de privacidad de terceros\n<\/h2>\t\t<\/div>\n\t\t\t\t<\/div>\n\t\t\t\t<div class=\"elementor-element elementor-element-e87e834 elementor-invisible elementor-widget elementor-widget-text-editor\" data-id=\"e87e834\" data-element_type=\"widget\" data-settings=\"{&quot;_animation&quot;:&quot;fadeInLeft&quot;,&quot;ekit_we_effect_on&quot;:&quot;none&quot;}\" data-widget_type=\"text-editor.default\">\n\t\t\t\t<div class=\"elementor-widget-container\">\n\t\t\t\t\t\t\t<p>La Pol\u00edtica de Privacidad de Vida Smiles LLC no se aplica a otros anunciantes o sitios web. Por lo tanto, le recomendamos que consulte las respectivas Pol\u00edticas de Privacidad de estos servidores de anuncios de terceros para obtener informaci\u00f3n m\u00e1s detallada. Puede incluir sus pr\u00e1cticas e instrucciones sobre c\u00f3mo cancelar determinadas opciones.<\/p><p>Puede optar por desactivar las cookies a trav\u00e9s de las opciones individuales de su navegador. Para conocer informaci\u00f3n m\u00e1s detallada sobre la gesti\u00f3n de cookies con navegadores web espec\u00edficos, puede encontrarla en los sitios web respectivos de los navegadores. \u00bfQu\u00e9 son las cookies?<\/p>\t\t\t\t\t\t<\/div>\n\t\t\t\t<\/div>\n\t\t\t\t<div class=\"elementor-element elementor-element-36e4c02 elementor-invisible elementor-widget elementor-widget-heading\" data-id=\"36e4c02\" data-element_type=\"widget\" data-settings=\"{&quot;_animation&quot;:&quot;fadeInLeft&quot;,&quot;ekit_we_effect_on&quot;:&quot;none&quot;}\" data-widget_type=\"heading.default\">\n\t\t\t\t<div class=\"elementor-widget-container\">\n\t\t\t<h2 class=\"elementor-heading-title elementor-size-default\">Informaci\u00f3n para ni\u00f1os\n<\/h2>\t\t<\/div>\n\t\t\t\t<\/div>\n\t\t\t\t<div class=\"elementor-element elementor-element-e4b3a5b elementor-invisible elementor-widget elementor-widget-text-editor\" data-id=\"e4b3a5b\" data-element_type=\"widget\" data-settings=\"{&quot;_animation&quot;:&quot;fadeInLeft&quot;,&quot;ekit_we_effect_on&quot;:&quot;none&quot;}\" data-widget_type=\"text-editor.default\">\n\t\t\t\t<div class=\"elementor-widget-container\">\n\t\t\t\t\t\t\t<p><br \/>Otra parte de nuestra prioridad es agregar protecci\u00f3n para los ni\u00f1os mientras usan Internet. Alentamos a los padres y tutores a observar, participar y\/o monitorear y guiar su actividad en l\u00ednea.<\/p><p>Vida Smiles LLC no recopila intencionalmente ninguna informaci\u00f3n de identificaci\u00f3n personal de ni\u00f1os menores de 13 a\u00f1os. Si cree que su hijo proporcion\u00f3 este tipo de informaci\u00f3n en nuestro sitio web, le recomendamos encarecidamente que se comunique con nosotros de inmediato y haremos nuestro mejor esfuerzo para eliminar r\u00e1pidamente dicha informaci\u00f3n de nuestros registros.<\/p>\t\t\t\t\t\t<\/div>\n\t\t\t\t<\/div>\n\t\t\t\t<div class=\"elementor-element elementor-element-b00ea34 elementor-invisible elementor-widget elementor-widget-heading\" data-id=\"b00ea34\" data-element_type=\"widget\" data-settings=\"{&quot;_animation&quot;:&quot;fadeInLeft&quot;,&quot;ekit_we_effect_on&quot;:&quot;none&quot;}\" data-widget_type=\"heading.default\">\n\t\t\t\t<div class=\"elementor-widget-container\">\n\t\t\t<h2 class=\"elementor-heading-title elementor-size-default\">Pol\u00edtica de privacidad en l\u00ednea \u00fanicamente<\/h2>\t\t<\/div>\n\t\t\t\t<\/div>\n\t\t\t\t<div class=\"elementor-element elementor-element-10ed577 elementor-invisible elementor-widget elementor-widget-text-editor\" data-id=\"10ed577\" data-element_type=\"widget\" data-settings=\"{&quot;_animation&quot;:&quot;fadeInLeft&quot;,&quot;ekit_we_effect_on&quot;:&quot;none&quot;}\" data-widget_type=\"text-editor.default\">\n\t\t\t\t<div class=\"elementor-widget-container\">\n\t\t\t\t\t\t\t<p>Esta Pol\u00edtica de Privacidad se aplica \u00fanicamente a nuestras actividades en l\u00ednea y es v\u00e1lida para los visitantes de nuestro sitio web con respecto a la informaci\u00f3n que compartieron y\/o recopilaron en Vida Smiles LLC. Esta pol\u00edtica no se aplica a ninguna informaci\u00f3n recopilada fuera de l\u00ednea o a trav\u00e9s de canales distintos de este sitio web.<\/p>\t\t\t\t\t\t<\/div>\n\t\t\t\t<\/div>\n\t\t\t\t<div class=\"elementor-element elementor-element-0cc71b6 elementor-invisible elementor-widget elementor-widget-heading\" data-id=\"0cc71b6\" data-element_type=\"widget\" data-settings=\"{&quot;_animation&quot;:&quot;fadeInLeft&quot;,&quot;ekit_we_effect_on&quot;:&quot;none&quot;}\" data-widget_type=\"heading.default\">\n\t\t\t\t<div class=\"elementor-widget-container\">\n\t\t\t<h2 class=\"elementor-heading-title elementor-size-default\">Consentir<\/h2>\t\t<\/div>\n\t\t\t\t<\/div>\n\t\t\t\t<div class=\"elementor-element elementor-element-5d73572 elementor-invisible elementor-widget elementor-widget-text-editor\" data-id=\"5d73572\" data-element_type=\"widget\" data-settings=\"{&quot;_animation&quot;:&quot;fadeInLeft&quot;,&quot;ekit_we_effect_on&quot;:&quot;none&quot;}\" data-widget_type=\"text-editor.default\">\n\t\t\t\t<div class=\"elementor-widget-container\">\n\t\t\t\t\t\t\t<div id=\"primary\" class=\"content-area\"><p>Al utilizar nuestro sitio web, por la presente usted acepta nuestra Pol\u00edtica de privacidad y acepta sus T\u00e9rminos y condiciones.<\/p><\/div>\t\t\t\t\t\t<\/div>\n\t\t\t\t<\/div>\n\t\t\t\t<div class=\"elementor-element elementor-element-93052cc elementor-invisible elementor-widget elementor-widget-heading\" data-id=\"93052cc\" data-element_type=\"widget\" data-settings=\"{&quot;_animation&quot;:&quot;fadeInLeft&quot;,&quot;ekit_we_effect_on&quot;:&quot;none&quot;}\" data-widget_type=\"heading.default\">\n\t\t\t\t<div class=\"elementor-widget-container\">\n\t\t\t<h2 class=\"elementor-heading-title elementor-size-default\">REFUND<\/h2>\t\t<\/div>\n\t\t\t\t<\/div>\n\t\t\t\t<div class=\"elementor-element elementor-element-90d7da4 elementor-invisible elementor-widget elementor-widget-text-editor\" data-id=\"90d7da4\" data-element_type=\"widget\" data-settings=\"{&quot;_animation&quot;:&quot;fadeInLeft&quot;,&quot;ekit_we_effect_on&quot;:&quot;none&quot;}\" data-widget_type=\"text-editor.default\">\n\t\t\t\t<div class=\"elementor-widget-container\">\n\t\t\t\t\t\t\t<div id=\"primary\" class=\"content-area\"><p data-renderer-start-pos=\"1\">In some cases, we may need to cancel or reschedule an appointment. If this occurs, we will notify the client and discuss a new appointment time over the phone. If the client agrees to the new appointment schedule, please note that the refund will no longer be applicable.<\/p><p data-renderer-start-pos=\"275\">This ensures clarity that refunds won&#8217;t be available after a rescheduled appointment is agreed upon via phone.<\/p><\/div>\t\t\t\t\t\t<\/div>\n\t\t\t\t<\/div>\n\t\t\t\t\t<\/div>\n\t\t<\/div>\n\t\t\t\t\t<\/div>\n\t\t<\/section>\n\t\t\t\t<\/div>","protected":false},"excerpt":{"rendered":"<p>Privacy policy Privacy Policy for Vida Smiles LLC At Vida Smiles LLC, accessible from https:\/\/vidasmilecare.com\/how-it-works\/, one of our main priorities is the privacy of our visitors. This Privacy Policy document contains types of information that is collected and recorded by Vida Smiles LLC and how we use it. Log Files Vida Smiles LLC follows a [&hellip;]<\/p>","protected":false},"author":1,"featured_media":0,"parent":0,"menu_order":0,"comment_status":"closed","ping_status":"closed","template":"elementor_header_footer","meta":{"footnotes":""},"yoast_head":"<!-- This site is optimized with the Yoast SEO plugin v22.8 - https:\/\/yoast.com\/wordpress\/plugins\/seo\/ -->\n<title>Privacy Policy | Vida Smile Care<\/title>\n<meta name=\"description\" content=\"Vida Smile Care protects your privacy. Learn how we handle your information &amp; how to manage your data preferences.\" \/>\n<meta name=\"robots\" content=\"index, follow, max-snippet:-1, max-image-preview:large, max-video-preview:-1\" \/>\n<link rel=\"canonical\" href=\"https:\/\/vidasmilecare.com\/es\/privacy-policy\/\" \/>\n<meta property=\"og:locale\" content=\"es_ES\" \/>\n<meta property=\"og:type\" content=\"article\" \/>\n<meta property=\"og:title\" content=\"Privacy Policy | Vida Smile Care\" \/>\n<meta property=\"og:description\" content=\"Vida Smile Care protects your privacy. Learn how we handle your information &amp; how to manage your data preferences.\" \/>\n<meta property=\"og:url\" content=\"https:\/\/vidasmilecare.com\/es\/privacy-policy\/\" \/>\n<meta property=\"og:site_name\" content=\"VIDA SMILES\" \/>\n<meta property=\"article:modified_time\" content=\"2025-03-07T22:38:49+00:00\" \/>\n<meta name=\"twitter:card\" content=\"summary_large_image\" \/>\n<meta name=\"twitter:label1\" content=\"Est. reading time\" \/>\n\t<meta name=\"twitter:data1\" content=\"4 minutos\" \/>\n<script type=\"application\/ld+json\" class=\"yoast-schema-graph\">{\"@context\":\"https:\/\/schema.org\",\"@graph\":[{\"@type\":\"WebPage\",\"@id\":\"https:\/\/vidasmilecare.com\/privacy-policy\/\",\"url\":\"https:\/\/vidasmilecare.com\/privacy-policy\/\",\"name\":\"Privacy Policy | Vida Smile Care\",\"isPartOf\":{\"@id\":\"https:\/\/vidasmilecare.com\/#website\"},\"datePublished\":\"2024-03-21T22:23:20+00:00\",\"dateModified\":\"2025-03-07T22:38:49+00:00\",\"description\":\"Vida Smile Care protects your privacy. Learn how we handle your information & how to manage your data preferences.\",\"breadcrumb\":{\"@id\":\"https:\/\/vidasmilecare.com\/privacy-policy\/#breadcrumb\"},\"inLanguage\":\"es\",\"potentialAction\":[{\"@type\":\"ReadAction\",\"target\":[\"https:\/\/vidasmilecare.com\/privacy-policy\/\"]}]},{\"@type\":\"BreadcrumbList\",\"@id\":\"https:\/\/vidasmilecare.com\/privacy-policy\/#breadcrumb\",\"itemListElement\":[{\"@type\":\"ListItem\",\"position\":1,\"name\":\"Home\",\"item\":\"https:\/\/vidasmilecare.com\/\"},{\"@type\":\"ListItem\",\"position\":2,\"name\":\"Privacy Policy\"}]},{\"@type\":\"WebSite\",\"@id\":\"https:\/\/vidasmilecare.com\/#website\",\"url\":\"https:\/\/vidasmilecare.com\/\",\"name\":\"VIDA SMILES\",\"description\":\"\",\"potentialAction\":[{\"@type\":\"SearchAction\",\"target\":{\"@type\":\"EntryPoint\",\"urlTemplate\":\"https:\/\/vidasmilecare.com\/?s={search_term_string}\"},\"query-input\":\"required name=search_term_string\"}],\"inLanguage\":\"es\"}]}<\/script>\n<!-- \/ Yoast SEO plugin. -->","yoast_head_json":{"title":"Privacy Policy | Vida Smile Care","description":"Vida Smile Care protects your privacy. Learn how we handle your information & how to manage your data preferences.","robots":{"index":"index","follow":"follow","max-snippet":"max-snippet:-1","max-image-preview":"max-image-preview:large","max-video-preview":"max-video-preview:-1"},"canonical":"https:\/\/vidasmilecare.com\/es\/privacy-policy\/","og_locale":"es_ES","og_type":"article","og_title":"Privacy Policy | Vida Smile Care","og_description":"Vida Smile Care protects your privacy. Learn how we handle your information & how to manage your data preferences.","og_url":"https:\/\/vidasmilecare.com\/es\/privacy-policy\/","og_site_name":"VIDA SMILES","article_modified_time":"2025-03-07T22:38:49+00:00","twitter_card":"summary_large_image","twitter_misc":{"Est. reading time":"4 minutos"},"schema":{"@context":"https:\/\/schema.org","@graph":[{"@type":"WebPage","@id":"https:\/\/vidasmilecare.com\/privacy-policy\/","url":"https:\/\/vidasmilecare.com\/privacy-policy\/","name":"Privacy Policy | Vida Smile Care","isPartOf":{"@id":"https:\/\/vidasmilecare.com\/#website"},"datePublished":"2024-03-21T22:23:20+00:00","dateModified":"2025-03-07T22:38:49+00:00","description":"Vida Smile Care protects your privacy. Learn how we handle your information & how to manage your data preferences.","breadcrumb":{"@id":"https:\/\/vidasmilecare.com\/privacy-policy\/#breadcrumb"},"inLanguage":"es","potentialAction":[{"@type":"ReadAction","target":["https:\/\/vidasmilecare.com\/privacy-policy\/"]}]},{"@type":"BreadcrumbList","@id":"https:\/\/vidasmilecare.com\/privacy-policy\/#breadcrumb","itemListElement":[{"@type":"ListItem","position":1,"name":"Home","item":"https:\/\/vidasmilecare.com\/"},{"@type":"ListItem","position":2,"name":"Privacy Policy"}]},{"@type":"WebSite","@id":"https:\/\/vidasmilecare.com\/#website","url":"https:\/\/vidasmilecare.com\/","name":"VIDA SMILES","description":"","potentialAction":[{"@type":"SearchAction","target":{"@type":"EntryPoint","urlTemplate":"https:\/\/vidasmilecare.com\/?s={search_term_string}"},"query-input":"required name=search_term_string"}],"inLanguage":"es"}]}},"_links":{"self":[{"href":"https:\/\/vidasmilecare.com\/es\/wp-json\/wp\/v2\/pages\/1710"}],"collection":[{"href":"https:\/\/vidasmilecare.com\/es\/wp-json\/wp\/v2\/pages"}],"about":[{"href":"https:\/\/vidasmilecare.com\/es\/wp-json\/wp\/v2\/types\/page"}],"author":[{"embeddable":true,"href":"https:\/\/vidasmilecare.com\/es\/wp-json\/wp\/v2\/users\/1"}],"replies":[{"embeddable":true,"href":"https:\/\/vidasmilecare.com\/es\/wp-json\/wp\/v2\/comments?post=1710"}],"version-history":[{"count":30,"href":"https:\/\/vidasmilecare.com\/es\/wp-json\/wp\/v2\/pages\/1710\/revisions"}],"predecessor-version":[{"id":3908,"href":"https:\/\/vidasmilecare.com\/es\/wp-json\/wp\/v2\/pages\/1710\/revisions\/3908"}],"wp:attachment":[{"href":"https:\/\/vidasmilecare.com\/es\/wp-json\/wp\/v2\/media?parent=1710"}],"curies":[{"name":"wp","href":"https:\/\/api.w.org\/{rel}","templated":true}]}}