{"id":1872,"date":"2024-03-22T23:01:00","date_gmt":"2024-03-22T23:01:00","guid":{"rendered":"https:\/\/vidasmilecare.com\/?page_id=1872"},"modified":"2024-06-04T17:56:15","modified_gmt":"2024-06-04T17:56:15","slug":"who-we-are","status":"publish","type":"page","link":"https:\/\/vidasmilecare.com\/es\/who-we-are\/","title":{"rendered":"QUIENES SOMOS"},"content":{"rendered":"<div data-elementor-type=\"wp-page\" data-elementor-id=\"1872\" class=\"elementor elementor-1872\" data-elementor-post-type=\"page\">\n\t\t\t\t\t\t<section data-particle_enable=\"false\" data-particle-mobile-disabled=\"false\" class=\"elementor-section elementor-top-section elementor-element elementor-element-3e9dd52 elementor-section-boxed elementor-section-height-default elementor-section-height-default\" data-id=\"3e9dd52\" data-element_type=\"section\" data-settings=\"{&quot;background_background&quot;:&quot;classic&quot;,&quot;ekit_has_onepagescroll_dot&quot;:&quot;yes&quot;}\">\n\t\t\t\t\t\t<div class=\"elementor-container elementor-column-gap-default\">\n\t\t\t\t\t<div class=\"elementor-column elementor-col-100 elementor-top-column elementor-element elementor-element-34bd603\" data-id=\"34bd603\" data-element_type=\"column\">\n\t\t\t<div class=\"elementor-widget-wrap elementor-element-populated\">\n\t\t\t\t\t\t<div class=\"elementor-element elementor-element-2cbc4a4 elementor-widget elementor-widget-heading\" data-id=\"2cbc4a4\" data-element_type=\"widget\" data-settings=\"{&quot;ekit_we_effect_on&quot;:&quot;none&quot;}\" data-widget_type=\"heading.default\">\n\t\t\t\t<div class=\"elementor-widget-container\">\n\t\t\t<h2 class=\"elementor-heading-title elementor-size-default\">QUIENES SOMOS<\/h2>\t\t<\/div>\n\t\t\t\t<\/div>\n\t\t\t\t\t<\/div>\n\t\t<\/div>\n\t\t\t\t\t<\/div>\n\t\t<\/section>\n\t\t\t\t<section data-particle_enable=\"false\" data-particle-mobile-disabled=\"false\" class=\"elementor-section elementor-top-section elementor-element elementor-element-267fccd elementor-section-boxed elementor-section-height-default elementor-section-height-default\" data-id=\"267fccd\" data-element_type=\"section\" data-settings=\"{&quot;ekit_has_onepagescroll_dot&quot;:&quot;yes&quot;}\">\n\t\t\t\t\t\t\t<div class=\"elementor-background-overlay\"><\/div>\n\t\t\t\t\t\t\t<div class=\"elementor-container elementor-column-gap-default\">\n\t\t\t\t\t<div class=\"elementor-column elementor-col-100 elementor-top-column elementor-element elementor-element-c0f31b0\" data-id=\"c0f31b0\" data-element_type=\"column\">\n\t\t\t<div class=\"elementor-widget-wrap elementor-element-populated\">\n\t\t\t\t\t\t<div class=\"elementor-element elementor-element-5d6cd2b elementor-invisible elementor-widget elementor-widget-text-editor\" data-id=\"5d6cd2b\" data-element_type=\"widget\" data-settings=\"{&quot;_animation&quot;:&quot;fadeInLeft&quot;,&quot;ekit_we_effect_on&quot;:&quot;none&quot;}\" data-widget_type=\"text-editor.default\">\n\t\t\t\t<div class=\"elementor-widget-container\">\n\t\t\t\t\t\t\t<p style=\"text-align: center;\">Vida Smiles es una incre\u00edble alternativa a la odontolog\u00eda convencional. Utiliza materiales de alta calidad y experiencia dental para brindar una sonrisa segura y personalizada a cualquier persona con dientes torcidos, da\u00f1ados, manchados o faltantes. No hay necesidad de citas interminables, tratamientos invasivos o implantes costosos. Sin embargo, recuerde que Vida Smiles no es un motivo para faltar a su visita al dentista. Siempre se recomienda programar peri\u00f3dicamente controles de rutina con su dentista.<\/p><p style=\"text-align: center;\">Tenemos la misi\u00f3n de devolver la confianza al mundo entero, una sonrisa perfecta a la vez.<\/p><p style=\"text-align: center;\">La confianza en uno mismo que surge de una sonrisa perfecta y reluciente no se parece a nada en el mundo. Realmente cambia vidas, ya sea cubriendo los huecos, astillas y manchas que nos hacen a todos cohibidos, o brindando una deslumbrante sonrisa blanca como la de Hollywood.<\/p><p style=\"text-align: center;\">Pero durante demasiado tiempo, conseguir esa sonrisa perfecta ha sido demasiado dif\u00edcil, demasiado costoso y ha requerido demasiado tiempo para millones de nosotros en todo el mundo. Nuestra misi\u00f3n fue cambiar eso. Para hacerlo m\u00e1s f\u00e1cil y asequible, con una variedad de planes de pago y para que sea c\u00f3modo con una simple visita.<\/p><p style=\"text-align: center;\">Miles de historias de \u00e9xito nos dicen que estamos en el camino correcto. Pero nuestra misi\u00f3n no estar\u00e1 completa hasta que todos los que quieran la sonrisa perfecta tengan una.<\/p>\t\t\t\t\t\t<\/div>\n\t\t\t\t<\/div>\n\t\t\t\t\t<\/div>\n\t\t<\/div>\n\t\t\t\t\t<\/div>\n\t\t<\/section>\n\t\t\t\t<\/div>","protected":false},"excerpt":{"rendered":"<p>WHO WE ARE Vida Smiles is an amazing alternative to conventional dentistry. It uses high-quality materials and dental expertise to deliver a custom-made, confident smile to anyone with crooked, damaged, stained or missing teeth. There\u2019s no need for endless appointments, invasive treatments, or expensive implants. Remember though, Vida Smiles is not a reason to skip [&hellip;]<\/p>","protected":false},"author":1,"featured_media":0,"parent":0,"menu_order":0,"comment_status":"closed","ping_status":"closed","template":"elementor_header_footer","meta":{"footnotes":""},"yoast_head":"<!-- This site is optimized with the Yoast SEO plugin v22.8 - https:\/\/yoast.com\/wordpress\/plugins\/seo\/ -->\n<title>Who We Are | Vida Smile Care<\/title>\n<meta name=\"description\" content=\"Meet Vida Smile Care! We offer accessible &amp; high-quality dental solutions like flippers &amp; night guards. Get to know our team &amp; mission.\" \/>\n<meta name=\"robots\" content=\"index, follow, max-snippet:-1, max-image-preview:large, max-video-preview:-1\" \/>\n<link rel=\"canonical\" href=\"https:\/\/vidasmilecare.com\/es\/who-we-are\/\" \/>\n<meta property=\"og:locale\" content=\"es_ES\" \/>\n<meta property=\"og:type\" content=\"article\" \/>\n<meta property=\"og:title\" content=\"Who We Are | Vida Smile Care\" \/>\n<meta property=\"og:description\" content=\"Meet Vida Smile Care! We offer accessible &amp; high-quality dental solutions like flippers &amp; night guards. Get to know our team &amp; mission.\" \/>\n<meta property=\"og:url\" content=\"https:\/\/vidasmilecare.com\/es\/who-we-are\/\" \/>\n<meta property=\"og:site_name\" content=\"VIDA SMILES\" \/>\n<meta property=\"article:modified_time\" content=\"2024-06-04T17:56:15+00:00\" \/>\n<meta name=\"twitter:card\" content=\"summary_large_image\" \/>\n<meta name=\"twitter:label1\" content=\"Est. reading time\" \/>\n\t<meta name=\"twitter:data1\" content=\"1 minuto\" \/>\n<script type=\"application\/ld+json\" class=\"yoast-schema-graph\">{\"@context\":\"https:\/\/schema.org\",\"@graph\":[{\"@type\":\"WebPage\",\"@id\":\"https:\/\/vidasmilecare.com\/who-we-are\/\",\"url\":\"https:\/\/vidasmilecare.com\/who-we-are\/\",\"name\":\"Who We Are | Vida Smile Care\",\"isPartOf\":{\"@id\":\"https:\/\/vidasmilecare.com\/#website\"},\"datePublished\":\"2024-03-22T23:01:00+00:00\",\"dateModified\":\"2024-06-04T17:56:15+00:00\",\"description\":\"Meet Vida Smile Care! We offer accessible & high-quality dental solutions like flippers & night guards. Get to know our team & mission.\",\"breadcrumb\":{\"@id\":\"https:\/\/vidasmilecare.com\/who-we-are\/#breadcrumb\"},\"inLanguage\":\"es\",\"potentialAction\":[{\"@type\":\"ReadAction\",\"target\":[\"https:\/\/vidasmilecare.com\/who-we-are\/\"]}]},{\"@type\":\"BreadcrumbList\",\"@id\":\"https:\/\/vidasmilecare.com\/who-we-are\/#breadcrumb\",\"itemListElement\":[{\"@type\":\"ListItem\",\"position\":1,\"name\":\"Home\",\"item\":\"https:\/\/vidasmilecare.com\/\"},{\"@type\":\"ListItem\",\"position\":2,\"name\":\"WHO WE ARE\"}]},{\"@type\":\"WebSite\",\"@id\":\"https:\/\/vidasmilecare.com\/#website\",\"url\":\"https:\/\/vidasmilecare.com\/\",\"name\":\"VIDA SMILES\",\"description\":\"\",\"potentialAction\":[{\"@type\":\"SearchAction\",\"target\":{\"@type\":\"EntryPoint\",\"urlTemplate\":\"https:\/\/vidasmilecare.com\/?s={search_term_string}\"},\"query-input\":\"required name=search_term_string\"}],\"inLanguage\":\"es\"}]}<\/script>\n<!-- \/ Yoast SEO plugin. -->","yoast_head_json":{"title":"Who We Are | Vida Smile Care","description":"Meet Vida Smile Care! We offer accessible & high-quality dental solutions like flippers & night guards. Get to know our team & mission.","robots":{"index":"index","follow":"follow","max-snippet":"max-snippet:-1","max-image-preview":"max-image-preview:large","max-video-preview":"max-video-preview:-1"},"canonical":"https:\/\/vidasmilecare.com\/es\/who-we-are\/","og_locale":"es_ES","og_type":"article","og_title":"Who We Are | Vida Smile Care","og_description":"Meet Vida Smile Care! We offer accessible & high-quality dental solutions like flippers & night guards. Get to know our team & mission.","og_url":"https:\/\/vidasmilecare.com\/es\/who-we-are\/","og_site_name":"VIDA SMILES","article_modified_time":"2024-06-04T17:56:15+00:00","twitter_card":"summary_large_image","twitter_misc":{"Est. reading time":"1 minuto"},"schema":{"@context":"https:\/\/schema.org","@graph":[{"@type":"WebPage","@id":"https:\/\/vidasmilecare.com\/who-we-are\/","url":"https:\/\/vidasmilecare.com\/who-we-are\/","name":"Who We Are | Vida Smile Care","isPartOf":{"@id":"https:\/\/vidasmilecare.com\/#website"},"datePublished":"2024-03-22T23:01:00+00:00","dateModified":"2024-06-04T17:56:15+00:00","description":"Meet Vida Smile Care! We offer accessible & high-quality dental solutions like flippers & night guards. Get to know our team & mission.","breadcrumb":{"@id":"https:\/\/vidasmilecare.com\/who-we-are\/#breadcrumb"},"inLanguage":"es","potentialAction":[{"@type":"ReadAction","target":["https:\/\/vidasmilecare.com\/who-we-are\/"]}]},{"@type":"BreadcrumbList","@id":"https:\/\/vidasmilecare.com\/who-we-are\/#breadcrumb","itemListElement":[{"@type":"ListItem","position":1,"name":"Home","item":"https:\/\/vidasmilecare.com\/"},{"@type":"ListItem","position":2,"name":"WHO WE ARE"}]},{"@type":"WebSite","@id":"https:\/\/vidasmilecare.com\/#website","url":"https:\/\/vidasmilecare.com\/","name":"VIDA SMILES","description":"","potentialAction":[{"@type":"SearchAction","target":{"@type":"EntryPoint","urlTemplate":"https:\/\/vidasmilecare.com\/?s={search_term_string}"},"query-input":"required name=search_term_string"}],"inLanguage":"es"}]}},"_links":{"self":[{"href":"https:\/\/vidasmilecare.com\/es\/wp-json\/wp\/v2\/pages\/1872"}],"collection":[{"href":"https:\/\/vidasmilecare.com\/es\/wp-json\/wp\/v2\/pages"}],"about":[{"href":"https:\/\/vidasmilecare.com\/es\/wp-json\/wp\/v2\/types\/page"}],"author":[{"embeddable":true,"href":"https:\/\/vidasmilecare.com\/es\/wp-json\/wp\/v2\/users\/1"}],"replies":[{"embeddable":true,"href":"https:\/\/vidasmilecare.com\/es\/wp-json\/wp\/v2\/comments?post=1872"}],"version-history":[{"count":19,"href":"https:\/\/vidasmilecare.com\/es\/wp-json\/wp\/v2\/pages\/1872\/revisions"}],"predecessor-version":[{"id":3122,"href":"https:\/\/vidasmilecare.com\/es\/wp-json\/wp\/v2\/pages\/1872\/revisions\/3122"}],"wp:attachment":[{"href":"https:\/\/vidasmilecare.com\/es\/wp-json\/wp\/v2\/media?parent=1872"}],"curies":[{"name":"wp","href":"https:\/\/api.w.org\/{rel}","templated":true}]}}