{"id":1710,"date":"2024-03-21T22:23:20","date_gmt":"2024-03-21T22:23:20","guid":{"rendered":"https:\/\/vidasmilecare.com\/?page_id=1710"},"modified":"2025-03-07T22:38:49","modified_gmt":"2025-03-07T22:38:49","slug":"privacy-policy","status":"publish","type":"page","link":"https:\/\/vidasmilecare.com\/pl\/privacy-policy\/","title":{"rendered":"Privacy Policy"},"content":{"rendered":"<div data-elementor-type=\"wp-page\" data-elementor-id=\"1710\" class=\"elementor elementor-1710\" data-elementor-post-type=\"page\">\n\t\t\t\t\t\t<section data-particle_enable=\"false\" data-particle-mobile-disabled=\"false\" class=\"elementor-section elementor-top-section elementor-element elementor-element-b0e5716 elementor-section-boxed elementor-section-height-default elementor-section-height-default\" data-id=\"b0e5716\" data-element_type=\"section\" data-settings=\"{&quot;background_background&quot;:&quot;classic&quot;,&quot;ekit_has_onepagescroll_dot&quot;:&quot;yes&quot;}\">\n\t\t\t\t\t\t<div class=\"elementor-container elementor-column-gap-default\">\n\t\t\t\t\t<div class=\"elementor-column elementor-col-100 elementor-top-column elementor-element elementor-element-808fda8\" data-id=\"808fda8\" data-element_type=\"column\">\n\t\t\t<div class=\"elementor-widget-wrap elementor-element-populated\">\n\t\t\t\t\t\t<div class=\"elementor-element elementor-element-68e702b elementor-widget elementor-widget-heading\" data-id=\"68e702b\" data-element_type=\"widget\" data-settings=\"{&quot;ekit_we_effect_on&quot;:&quot;none&quot;}\" data-widget_type=\"heading.default\">\n\t\t\t\t<div class=\"elementor-widget-container\">\n\t\t\t<h2 class=\"elementor-heading-title elementor-size-default\">Polityka prywatno\u015bci<\/h2>\t\t<\/div>\n\t\t\t\t<\/div>\n\t\t\t\t\t<\/div>\n\t\t<\/div>\n\t\t\t\t\t<\/div>\n\t\t<\/section>\n\t\t\t\t<section data-particle_enable=\"false\" data-particle-mobile-disabled=\"false\" class=\"elementor-section elementor-top-section elementor-element elementor-element-379da51 elementor-section-boxed elementor-section-height-default elementor-section-height-default\" data-id=\"379da51\" data-element_type=\"section\" data-settings=\"{&quot;ekit_has_onepagescroll_dot&quot;:&quot;yes&quot;}\">\n\t\t\t\t\t\t<div class=\"elementor-container elementor-column-gap-default\">\n\t\t\t\t\t<div class=\"elementor-column elementor-col-100 elementor-top-column elementor-element elementor-element-54b2337\" data-id=\"54b2337\" data-element_type=\"column\">\n\t\t\t<div class=\"elementor-widget-wrap elementor-element-populated\">\n\t\t\t\t\t\t<div class=\"elementor-element elementor-element-95061fd elementor-invisible elementor-widget elementor-widget-heading\" data-id=\"95061fd\" data-element_type=\"widget\" data-settings=\"{&quot;_animation&quot;:&quot;fadeInLeft&quot;,&quot;ekit_we_effect_on&quot;:&quot;none&quot;}\" data-widget_type=\"heading.default\">\n\t\t\t\t<div class=\"elementor-widget-container\">\n\t\t\t<h2 class=\"elementor-heading-title elementor-size-default\">Polityka prywatno\u015bci Vida Smiles LLC<\/h2>\t\t<\/div>\n\t\t\t\t<\/div>\n\t\t\t\t<div class=\"elementor-element elementor-element-df3f5a8 elementor-invisible elementor-widget elementor-widget-text-editor\" data-id=\"df3f5a8\" data-element_type=\"widget\" data-settings=\"{&quot;_animation&quot;:&quot;fadeInLeft&quot;,&quot;ekit_we_effect_on&quot;:&quot;none&quot;}\" data-widget_type=\"text-editor.default\">\n\t\t\t\t<div class=\"elementor-widget-container\">\n\t\t\t\t\t\t\t<p>W Vida Smiles LLC, dost\u0119pnej pod adresem https:\/\/vidasmilecare.com\/how-it-works\/, jednym z naszych g\u0142\u00f3wnych priorytet\u00f3w jest prywatno\u015b\u0107 naszych go\u015bci. Niniejszy dokument Polityki prywatno\u015bci zawiera informacje o rodzajach informacji gromadzonych i rejestrowanych przez firm\u0119 Vida Smiles LLC oraz o tym, w jaki spos\u00f3b je wykorzystujemy.<\/p>\t\t\t\t\t\t<\/div>\n\t\t\t\t<\/div>\n\t\t\t\t<div class=\"elementor-element elementor-element-af69a08 elementor-invisible elementor-widget elementor-widget-heading\" data-id=\"af69a08\" data-element_type=\"widget\" data-settings=\"{&quot;_animation&quot;:&quot;fadeInLeft&quot;,&quot;ekit_we_effect_on&quot;:&quot;none&quot;}\" data-widget_type=\"heading.default\">\n\t\t\t\t<div class=\"elementor-widget-container\">\n\t\t\t<h2 class=\"elementor-heading-title elementor-size-default\">Pliki dziennika<\/h2>\t\t<\/div>\n\t\t\t\t<\/div>\n\t\t\t\t<div class=\"elementor-element elementor-element-4a3c1e5 elementor-invisible elementor-widget elementor-widget-text-editor\" data-id=\"4a3c1e5\" data-element_type=\"widget\" data-settings=\"{&quot;_animation&quot;:&quot;fadeInLeft&quot;,&quot;ekit_we_effect_on&quot;:&quot;none&quot;}\" data-widget_type=\"text-editor.default\">\n\t\t\t\t<div class=\"elementor-widget-container\">\n\t\t\t\t\t\t\t<p>Vida Smiles LLC post\u0119puje zgodnie ze standardow\u0105 procedur\u0105 korzystania z plik\u00f3w dziennika. Pliki te rejestruj\u0105 odwiedzaj\u0105cych, gdy odwiedzaj\u0105 strony internetowe. Wszystkie firmy hostingowe to robi\u0105 i stanowi\u0105 cz\u0119\u015b\u0107 analityki us\u0142ug hostingowych. Informacje gromadzone przez pliki dziennika obejmuj\u0105 adresy protoko\u0142u internetowego (IP), typ przegl\u0105darki, dostawc\u0119 us\u0142ug internetowych (ISP), dat\u0119 i godzin\u0119, strony odsy\u0142aj\u0105ce\/wyj\u015bciowe i ewentualnie liczb\u0119 klikni\u0119\u0107. Nie s\u0105 one powi\u0105zane z \u017cadnymi informacjami umo\u017cliwiaj\u0105cymi identyfikacj\u0119 osobist\u0105. Celem tych informacji jest analiza trend\u00f3w, administrowanie serwisem, \u015bledzenie ruchu u\u017cytkownik\u00f3w w serwisie oraz zbieranie informacji demograficznych.<\/p>\t\t\t\t\t\t<\/div>\n\t\t\t\t<\/div>\n\t\t\t\t<div class=\"elementor-element elementor-element-4a9374c elementor-invisible elementor-widget elementor-widget-heading\" data-id=\"4a9374c\" data-element_type=\"widget\" data-settings=\"{&quot;_animation&quot;:&quot;fadeInLeft&quot;,&quot;ekit_we_effect_on&quot;:&quot;none&quot;}\" data-widget_type=\"heading.default\">\n\t\t\t\t<div class=\"elementor-widget-container\">\n\t\t\t<h2 class=\"elementor-heading-title elementor-size-default\">Pliki cookie i sygna\u0142y nawigacyjne w sieci Web<\/h2>\t\t<\/div>\n\t\t\t\t<\/div>\n\t\t\t\t<div class=\"elementor-element elementor-element-8579f5e elementor-invisible elementor-widget elementor-widget-text-editor\" data-id=\"8579f5e\" data-element_type=\"widget\" data-settings=\"{&quot;_animation&quot;:&quot;fadeInLeft&quot;,&quot;ekit_we_effect_on&quot;:&quot;none&quot;}\" data-widget_type=\"text-editor.default\">\n\t\t\t\t<div class=\"elementor-widget-container\">\n\t\t\t\t\t\t\t<p>Jak ka\u017cda inna witryna internetowa, Vida Smiles LLC korzysta z plik\u00f3w \u201ecookies\u201d. Te pliki cookie s\u0142u\u017c\u0105 do przechowywania informacji, w tym preferencji odwiedzaj\u0105cych oraz stron w witrynie, do kt\u00f3rych u\u017cytkownik uzyska\u0142 dost\u0119p lub kt\u00f3re odwiedzi\u0142. Informacje te s\u0105 wykorzystywane w celu optymalizacji do\u015bwiadczenia u\u017cytkownik\u00f3w poprzez dostosowywanie zawarto\u015bci naszej strony internetowej w oparciu o typ przegl\u0105darki odwiedzaj\u0105cego i\/lub inne informacje.<\/p><p>Aby uzyska\u0107 wi\u0119cej og\u00f3lnych informacji na temat plik\u00f3w cookie, przeczytaj\u00a0<a href=\"https:\/\/www.cookieconsent.com\/what-are-cookies\/\" target=\"_blank\" rel=\"noopener\">\u201eCzym s\u0105 pliki cookie\u201d w ramach zgody na pliki cookie<\/a>.<\/p>\t\t\t\t\t\t<\/div>\n\t\t\t\t<\/div>\n\t\t\t\t<div class=\"elementor-element elementor-element-66b13cb elementor-invisible elementor-widget elementor-widget-heading\" data-id=\"66b13cb\" data-element_type=\"widget\" data-settings=\"{&quot;_animation&quot;:&quot;fadeInLeft&quot;,&quot;ekit_we_effect_on&quot;:&quot;none&quot;}\" data-widget_type=\"heading.default\">\n\t\t\t\t<div class=\"elementor-widget-container\">\n\t\t\t<h2 class=\"elementor-heading-title elementor-size-default\">Plik cookie Google DoubleClick DART\n<\/h2>\t\t<\/div>\n\t\t\t\t<\/div>\n\t\t\t\t<div class=\"elementor-element elementor-element-b377917 elementor-invisible elementor-widget elementor-widget-text-editor\" data-id=\"b377917\" data-element_type=\"widget\" data-settings=\"{&quot;_animation&quot;:&quot;fadeInLeft&quot;,&quot;ekit_we_effect_on&quot;:&quot;none&quot;}\" data-widget_type=\"text-editor.default\">\n\t\t\t\t<div class=\"elementor-widget-container\">\n\t\t\t\t\t\t\t<p>Google jest jednym z zewn\u0119trznych dostawc\u00f3w naszej witryny. Wykorzystuje r\u00f3wnie\u017c pliki cookie, zwane plikami cookie DART, do wy\u015bwietlania reklam osobom odwiedzaj\u0105cym nasz\u0105 witryn\u0119 na podstawie ich wizyty na stronie www.website.com i innych witrynach w Internecie. Jednak\u017ce odwiedzaj\u0105cy mog\u0105 zrezygnowa\u0107 z u\u017cywania plik\u00f3w cookie DART, odwiedzaj\u0105c Polityk\u0119 prywatno\u015bci reklam i sieci partnerskiej Google pod nast\u0119puj\u0105cym adresem URL \u2013\u00a0<a href=\"https:\/\/policies.google.com\/technologies\/ads\" target=\"_blank\" rel=\"noopener\">https:\/\/policies.google.com\/technologies\/ads<\/a><\/p>\t\t\t\t\t\t<\/div>\n\t\t\t\t<\/div>\n\t\t\t\t<div class=\"elementor-element elementor-element-ee31dbb elementor-invisible elementor-widget elementor-widget-heading\" data-id=\"ee31dbb\" data-element_type=\"widget\" data-settings=\"{&quot;_animation&quot;:&quot;fadeInLeft&quot;,&quot;ekit_we_effect_on&quot;:&quot;none&quot;}\" data-widget_type=\"heading.default\">\n\t\t\t\t<div class=\"elementor-widget-container\">\n\t\t\t<h2 class=\"elementor-heading-title elementor-size-default\">Nasi partnerzy reklamowi\n<\/h2>\t\t<\/div>\n\t\t\t\t<\/div>\n\t\t\t\t<div class=\"elementor-element elementor-element-ab6a6e3 elementor-invisible elementor-widget elementor-widget-text-editor\" data-id=\"ab6a6e3\" data-element_type=\"widget\" data-settings=\"{&quot;_animation&quot;:&quot;fadeInLeft&quot;,&quot;ekit_we_effect_on&quot;:&quot;none&quot;}\" data-widget_type=\"text-editor.default\">\n\t\t\t\t<div class=\"elementor-widget-container\">\n\t\t\t\t\t\t\t<p>Niekt\u00f3rzy reklamodawcy w naszej witrynie mog\u0105 u\u017cywa\u0107 plik\u00f3w cookie i sygna\u0142\u00f3w nawigacyjnych. Lista naszych partner\u00f3w reklamowych znajduje si\u0119 poni\u017cej. Ka\u017cdy z naszych partner\u00f3w reklamowych ma w\u0142asn\u0105 Polityk\u0119 prywatno\u015bci dotycz\u0105c\u0105 zasad dotycz\u0105cych danych u\u017cytkownik\u00f3w. Aby u\u0142atwi\u0107 dost\u0119p, poni\u017cej zamie\u015bcili\u015bmy hiper\u0142\u0105cze do ich Polityki prywatno\u015bci.<\/p><p>Google<\/p><p><a href=\"https:\/\/policies.google.com\/technologies\/ads\" target=\"_blank\" rel=\"noopener\">https:\/\/policies.google.com\/technologies\/ads<\/a><\/p>\t\t\t\t\t\t<\/div>\n\t\t\t\t<\/div>\n\t\t\t\t<div class=\"elementor-element elementor-element-2c69e83 elementor-invisible elementor-widget elementor-widget-heading\" data-id=\"2c69e83\" data-element_type=\"widget\" data-settings=\"{&quot;_animation&quot;:&quot;fadeInLeft&quot;,&quot;ekit_we_effect_on&quot;:&quot;none&quot;}\" data-widget_type=\"heading.default\">\n\t\t\t\t<div class=\"elementor-widget-container\">\n\t\t\t<h2 class=\"elementor-heading-title elementor-size-default\">Polityka prywatno\u015bci<\/h2>\t\t<\/div>\n\t\t\t\t<\/div>\n\t\t\t\t<div class=\"elementor-element elementor-element-25c2f45 elementor-invisible elementor-widget elementor-widget-text-editor\" data-id=\"25c2f45\" data-element_type=\"widget\" data-settings=\"{&quot;_animation&quot;:&quot;fadeInLeft&quot;,&quot;ekit_we_effect_on&quot;:&quot;none&quot;}\" data-widget_type=\"text-editor.default\">\n\t\t\t\t<div class=\"elementor-widget-container\">\n\t\t\t\t\t\t\t<p>Mo\u017cesz zapozna\u0107 si\u0119 z t\u0105 list\u0105, aby znale\u017a\u0107 Polityk\u0119 prywatno\u015bci ka\u017cdego z partner\u00f3w reklamowych Vida Smiles LLC.<\/p><p>Zewn\u0119trzne serwery reklamowe lub sieci reklamowe korzystaj\u0105 z technologii takich jak pliki cookie, JavaScript lub sygna\u0142y nawigacyjne w sieci Web, kt\u00f3re s\u0105 wykorzystywane w odpowiednich reklamach i linkach wy\u015bwietlanych w witrynie Vida Smiles LLC, kt\u00f3re s\u0105 wysy\u0142ane bezpo\u015brednio do przegl\u0105darki u\u017cytkownika. Gdy to nast\u0105pi, automatycznie otrzymaj\u0105 Tw\u00f3j adres IP. Technologie te s\u0142u\u017c\u0105 do pomiaru skuteczno\u015bci kampanii reklamowych i\/lub personalizacji tre\u015bci reklamowych, kt\u00f3re widzisz na odwiedzanych stronach internetowych.<\/p><p>Nale\u017cy pami\u0119ta\u0107, \u017ce Vida Smiles LLC nie ma dost\u0119pu ani kontroli nad plikami cookie u\u017cywanymi przez zewn\u0119trznych reklamodawc\u00f3w.<\/p>\t\t\t\t\t\t<\/div>\n\t\t\t\t<\/div>\n\t\t\t\t<div class=\"elementor-element elementor-element-b0eb367 elementor-invisible elementor-widget elementor-widget-heading\" data-id=\"b0eb367\" data-element_type=\"widget\" data-settings=\"{&quot;_animation&quot;:&quot;fadeInLeft&quot;,&quot;ekit_we_effect_on&quot;:&quot;none&quot;}\" data-widget_type=\"heading.default\">\n\t\t\t\t<div class=\"elementor-widget-container\">\n\t\t\t<h2 class=\"elementor-heading-title elementor-size-default\">Polityka prywatno\u015bci stron trzecich\n<\/h2>\t\t<\/div>\n\t\t\t\t<\/div>\n\t\t\t\t<div class=\"elementor-element elementor-element-e87e834 elementor-invisible elementor-widget elementor-widget-text-editor\" data-id=\"e87e834\" data-element_type=\"widget\" data-settings=\"{&quot;_animation&quot;:&quot;fadeInLeft&quot;,&quot;ekit_we_effect_on&quot;:&quot;none&quot;}\" data-widget_type=\"text-editor.default\">\n\t\t\t\t<div class=\"elementor-widget-container\">\n\t\t\t\t\t\t\t<p>Polityka prywatno\u015bci Vida Smiles LLC nie ma zastosowania do innych reklamodawc\u00f3w ani witryn internetowych. Dlatego zalecamy zapoznanie si\u0119 z odpowiednimi Politykami prywatno\u015bci tych serwer\u00f3w reklamowych stron trzecich w celu uzyskania bardziej szczeg\u00f3\u0142owych informacji. Mo\u017ce obejmowa\u0107 ich praktyki i instrukcje dotycz\u0105ce rezygnacji z niekt\u00f3rych opcji.<\/p><p>Mo\u017cesz wy\u0142\u0105czy\u0107 pliki cookie w indywidualnych opcjach przegl\u0105darki. Bardziej szczeg\u00f3\u0142owe informacje na temat zarz\u0105dzania plikami cookies w poszczeg\u00f3lnych przegl\u0105darkach internetowych mo\u017cna znale\u017a\u0107 na stronach poszczeg\u00f3lnych przegl\u0105darek. Czym s\u0105 pliki cookie?<\/p>\t\t\t\t\t\t<\/div>\n\t\t\t\t<\/div>\n\t\t\t\t<div class=\"elementor-element elementor-element-36e4c02 elementor-invisible elementor-widget elementor-widget-heading\" data-id=\"36e4c02\" data-element_type=\"widget\" data-settings=\"{&quot;_animation&quot;:&quot;fadeInLeft&quot;,&quot;ekit_we_effect_on&quot;:&quot;none&quot;}\" data-widget_type=\"heading.default\">\n\t\t\t\t<div class=\"elementor-widget-container\">\n\t\t\t<h2 class=\"elementor-heading-title elementor-size-default\">Informacje dla dzieci\n<\/h2>\t\t<\/div>\n\t\t\t\t<\/div>\n\t\t\t\t<div class=\"elementor-element elementor-element-e4b3a5b elementor-invisible elementor-widget elementor-widget-text-editor\" data-id=\"e4b3a5b\" data-element_type=\"widget\" data-settings=\"{&quot;_animation&quot;:&quot;fadeInLeft&quot;,&quot;ekit_we_effect_on&quot;:&quot;none&quot;}\" data-widget_type=\"text-editor.default\">\n\t\t\t\t<div class=\"elementor-widget-container\">\n\t\t\t\t\t\t\t<p><br \/>Kolejnym naszym priorytetem jest zapewnienie dzieciom ochrony podczas korzystania z Internetu. Zach\u0119camy rodzic\u00f3w i opiekun\u00f3w do obserwowania, uczestniczenia i\/lub monitorowania i kierowania ich aktywno\u015bci\u0105 w Internecie.<\/p><p>Vida Smiles LLC nie gromadzi \u015bwiadomie \u017cadnych danych osobowych od dzieci poni\u017cej 13 roku \u017cycia. Je\u015bli uwa\u017casz, \u017ce Twoje dziecko przekaza\u0142o tego rodzaju informacje na naszej stronie internetowej, gor\u0105co zach\u0119camy Ci\u0119 do natychmiastowego skontaktowania si\u0119 z nami, a my do\u0142o\u017cymy wszelkich stara\u0144, aby niezw\u0142ocznie usun\u0105\u0107 takie informacje z naszych rejestr\u00f3w.<\/p>\t\t\t\t\t\t<\/div>\n\t\t\t\t<\/div>\n\t\t\t\t<div class=\"elementor-element elementor-element-b00ea34 elementor-invisible elementor-widget elementor-widget-heading\" data-id=\"b00ea34\" data-element_type=\"widget\" data-settings=\"{&quot;_animation&quot;:&quot;fadeInLeft&quot;,&quot;ekit_we_effect_on&quot;:&quot;none&quot;}\" data-widget_type=\"heading.default\">\n\t\t\t\t<div class=\"elementor-widget-container\">\n\t\t\t<h2 class=\"elementor-heading-title elementor-size-default\">Tylko polityka prywatno\u015bci online<\/h2>\t\t<\/div>\n\t\t\t\t<\/div>\n\t\t\t\t<div class=\"elementor-element elementor-element-10ed577 elementor-invisible elementor-widget elementor-widget-text-editor\" data-id=\"10ed577\" data-element_type=\"widget\" data-settings=\"{&quot;_animation&quot;:&quot;fadeInLeft&quot;,&quot;ekit_we_effect_on&quot;:&quot;none&quot;}\" data-widget_type=\"text-editor.default\">\n\t\t\t\t<div class=\"elementor-widget-container\">\n\t\t\t\t\t\t\t<p>Niniejsza Polityka prywatno\u015bci ma zastosowanie wy\u0142\u0105cznie do naszej dzia\u0142alno\u015bci online i jest wa\u017cna dla os\u00f3b odwiedzaj\u0105cych nasz\u0105 stron\u0119 internetow\u0105 w odniesieniu do informacji, kt\u00f3re udost\u0119pniaj\u0105 i\/lub gromadz\u0105 w Vida Smiles LLC. Niniejsza polityka nie ma zastosowania do jakichkolwiek informacji gromadzonych w trybie offline lub za po\u015brednictwem kana\u0142\u00f3w innych ni\u017c ta strona internetowa.<\/p>\t\t\t\t\t\t<\/div>\n\t\t\t\t<\/div>\n\t\t\t\t<div class=\"elementor-element elementor-element-0cc71b6 elementor-invisible elementor-widget elementor-widget-heading\" data-id=\"0cc71b6\" data-element_type=\"widget\" data-settings=\"{&quot;_animation&quot;:&quot;fadeInLeft&quot;,&quot;ekit_we_effect_on&quot;:&quot;none&quot;}\" data-widget_type=\"heading.default\">\n\t\t\t\t<div class=\"elementor-widget-container\">\n\t\t\t<h2 class=\"elementor-heading-title elementor-size-default\">Zgoda<\/h2>\t\t<\/div>\n\t\t\t\t<\/div>\n\t\t\t\t<div class=\"elementor-element elementor-element-5d73572 elementor-invisible elementor-widget elementor-widget-text-editor\" data-id=\"5d73572\" data-element_type=\"widget\" data-settings=\"{&quot;_animation&quot;:&quot;fadeInLeft&quot;,&quot;ekit_we_effect_on&quot;:&quot;none&quot;}\" data-widget_type=\"text-editor.default\">\n\t\t\t\t<div class=\"elementor-widget-container\">\n\t\t\t\t\t\t\t<div id=\"primary\" class=\"content-area\"><p>Korzystaj\u0105c z naszej witryny, wyra\u017casz zgod\u0119 na nasz\u0105 Polityk\u0119 prywatno\u015bci i akceptujesz jej Warunki.<\/p><\/div>\t\t\t\t\t\t<\/div>\n\t\t\t\t<\/div>\n\t\t\t\t<div class=\"elementor-element elementor-element-93052cc elementor-invisible elementor-widget elementor-widget-heading\" data-id=\"93052cc\" data-element_type=\"widget\" data-settings=\"{&quot;_animation&quot;:&quot;fadeInLeft&quot;,&quot;ekit_we_effect_on&quot;:&quot;none&quot;}\" data-widget_type=\"heading.default\">\n\t\t\t\t<div class=\"elementor-widget-container\">\n\t\t\t<h2 class=\"elementor-heading-title elementor-size-default\">REFUND<\/h2>\t\t<\/div>\n\t\t\t\t<\/div>\n\t\t\t\t<div class=\"elementor-element elementor-element-90d7da4 elementor-invisible elementor-widget elementor-widget-text-editor\" data-id=\"90d7da4\" data-element_type=\"widget\" data-settings=\"{&quot;_animation&quot;:&quot;fadeInLeft&quot;,&quot;ekit_we_effect_on&quot;:&quot;none&quot;}\" data-widget_type=\"text-editor.default\">\n\t\t\t\t<div class=\"elementor-widget-container\">\n\t\t\t\t\t\t\t<div id=\"primary\" class=\"content-area\"><p data-renderer-start-pos=\"1\">In some cases, we may need to cancel or reschedule an appointment. If this occurs, we will notify the client and discuss a new appointment time over the phone. If the client agrees to the new appointment schedule, please note that the refund will no longer be applicable.<\/p><p data-renderer-start-pos=\"275\">This ensures clarity that refunds won&#8217;t be available after a rescheduled appointment is agreed upon via phone.<\/p><\/div>\t\t\t\t\t\t<\/div>\n\t\t\t\t<\/div>\n\t\t\t\t\t<\/div>\n\t\t<\/div>\n\t\t\t\t\t<\/div>\n\t\t<\/section>\n\t\t\t\t<\/div>","protected":false},"excerpt":{"rendered":"<p>Privacy policy Privacy Policy for Vida Smiles LLC At Vida Smiles LLC, accessible from https:\/\/vidasmilecare.com\/how-it-works\/, one of our main priorities is the privacy of our visitors. This Privacy Policy document contains types of information that is collected and recorded by Vida Smiles LLC and how we use it. Log Files Vida Smiles LLC follows a [&hellip;]<\/p>","protected":false},"author":1,"featured_media":0,"parent":0,"menu_order":0,"comment_status":"closed","ping_status":"closed","template":"elementor_header_footer","meta":{"footnotes":""},"yoast_head":"<!-- This site is optimized with the Yoast SEO plugin v22.8 - https:\/\/yoast.com\/wordpress\/plugins\/seo\/ -->\n<title>Privacy Policy | Vida Smile Care<\/title>\n<meta name=\"description\" content=\"Vida Smile Care protects your privacy. Learn how we handle your information &amp; how to manage your data preferences.\" \/>\n<meta name=\"robots\" content=\"index, follow, max-snippet:-1, max-image-preview:large, max-video-preview:-1\" \/>\n<link rel=\"canonical\" href=\"https:\/\/vidasmilecare.com\/pl\/privacy-policy\/\" \/>\n<meta property=\"og:locale\" content=\"pl_PL\" \/>\n<meta property=\"og:type\" content=\"article\" \/>\n<meta property=\"og:title\" content=\"Privacy Policy | Vida Smile Care\" \/>\n<meta property=\"og:description\" content=\"Vida Smile Care protects your privacy. Learn how we handle your information &amp; how to manage your data preferences.\" \/>\n<meta property=\"og:url\" content=\"https:\/\/vidasmilecare.com\/pl\/privacy-policy\/\" \/>\n<meta property=\"og:site_name\" content=\"VIDA SMILES\" \/>\n<meta property=\"article:modified_time\" content=\"2025-03-07T22:38:49+00:00\" \/>\n<meta name=\"twitter:card\" content=\"summary_large_image\" \/>\n<meta name=\"twitter:label1\" content=\"Est. reading time\" \/>\n\t<meta name=\"twitter:data1\" content=\"4 minuty\" \/>\n<script type=\"application\/ld+json\" class=\"yoast-schema-graph\">{\"@context\":\"https:\/\/schema.org\",\"@graph\":[{\"@type\":\"WebPage\",\"@id\":\"https:\/\/vidasmilecare.com\/privacy-policy\/\",\"url\":\"https:\/\/vidasmilecare.com\/privacy-policy\/\",\"name\":\"Privacy Policy | Vida Smile Care\",\"isPartOf\":{\"@id\":\"https:\/\/vidasmilecare.com\/#website\"},\"datePublished\":\"2024-03-21T22:23:20+00:00\",\"dateModified\":\"2025-03-07T22:38:49+00:00\",\"description\":\"Vida Smile Care protects your privacy. Learn how we handle your information & how to manage your data preferences.\",\"breadcrumb\":{\"@id\":\"https:\/\/vidasmilecare.com\/privacy-policy\/#breadcrumb\"},\"inLanguage\":\"pl-PL\",\"potentialAction\":[{\"@type\":\"ReadAction\",\"target\":[\"https:\/\/vidasmilecare.com\/privacy-policy\/\"]}]},{\"@type\":\"BreadcrumbList\",\"@id\":\"https:\/\/vidasmilecare.com\/privacy-policy\/#breadcrumb\",\"itemListElement\":[{\"@type\":\"ListItem\",\"position\":1,\"name\":\"Home\",\"item\":\"https:\/\/vidasmilecare.com\/\"},{\"@type\":\"ListItem\",\"position\":2,\"name\":\"Privacy Policy\"}]},{\"@type\":\"WebSite\",\"@id\":\"https:\/\/vidasmilecare.com\/#website\",\"url\":\"https:\/\/vidasmilecare.com\/\",\"name\":\"VIDA SMILES\",\"description\":\"\",\"potentialAction\":[{\"@type\":\"SearchAction\",\"target\":{\"@type\":\"EntryPoint\",\"urlTemplate\":\"https:\/\/vidasmilecare.com\/?s={search_term_string}\"},\"query-input\":\"required name=search_term_string\"}],\"inLanguage\":\"pl-PL\"}]}<\/script>\n<!-- \/ Yoast SEO plugin. -->","yoast_head_json":{"title":"Privacy Policy | Vida Smile Care","description":"Vida Smile Care protects your privacy. Learn how we handle your information & how to manage your data preferences.","robots":{"index":"index","follow":"follow","max-snippet":"max-snippet:-1","max-image-preview":"max-image-preview:large","max-video-preview":"max-video-preview:-1"},"canonical":"https:\/\/vidasmilecare.com\/pl\/privacy-policy\/","og_locale":"pl_PL","og_type":"article","og_title":"Privacy Policy | Vida Smile Care","og_description":"Vida Smile Care protects your privacy. Learn how we handle your information & how to manage your data preferences.","og_url":"https:\/\/vidasmilecare.com\/pl\/privacy-policy\/","og_site_name":"VIDA SMILES","article_modified_time":"2025-03-07T22:38:49+00:00","twitter_card":"summary_large_image","twitter_misc":{"Est. reading time":"4 minuty"},"schema":{"@context":"https:\/\/schema.org","@graph":[{"@type":"WebPage","@id":"https:\/\/vidasmilecare.com\/privacy-policy\/","url":"https:\/\/vidasmilecare.com\/privacy-policy\/","name":"Privacy Policy | Vida Smile Care","isPartOf":{"@id":"https:\/\/vidasmilecare.com\/#website"},"datePublished":"2024-03-21T22:23:20+00:00","dateModified":"2025-03-07T22:38:49+00:00","description":"Vida Smile Care protects your privacy. Learn how we handle your information & how to manage your data preferences.","breadcrumb":{"@id":"https:\/\/vidasmilecare.com\/privacy-policy\/#breadcrumb"},"inLanguage":"pl-PL","potentialAction":[{"@type":"ReadAction","target":["https:\/\/vidasmilecare.com\/privacy-policy\/"]}]},{"@type":"BreadcrumbList","@id":"https:\/\/vidasmilecare.com\/privacy-policy\/#breadcrumb","itemListElement":[{"@type":"ListItem","position":1,"name":"Home","item":"https:\/\/vidasmilecare.com\/"},{"@type":"ListItem","position":2,"name":"Privacy Policy"}]},{"@type":"WebSite","@id":"https:\/\/vidasmilecare.com\/#website","url":"https:\/\/vidasmilecare.com\/","name":"VIDA SMILES","description":"","potentialAction":[{"@type":"SearchAction","target":{"@type":"EntryPoint","urlTemplate":"https:\/\/vidasmilecare.com\/?s={search_term_string}"},"query-input":"required name=search_term_string"}],"inLanguage":"pl-PL"}]}},"_links":{"self":[{"href":"https:\/\/vidasmilecare.com\/pl\/wp-json\/wp\/v2\/pages\/1710"}],"collection":[{"href":"https:\/\/vidasmilecare.com\/pl\/wp-json\/wp\/v2\/pages"}],"about":[{"href":"https:\/\/vidasmilecare.com\/pl\/wp-json\/wp\/v2\/types\/page"}],"author":[{"embeddable":true,"href":"https:\/\/vidasmilecare.com\/pl\/wp-json\/wp\/v2\/users\/1"}],"replies":[{"embeddable":true,"href":"https:\/\/vidasmilecare.com\/pl\/wp-json\/wp\/v2\/comments?post=1710"}],"version-history":[{"count":30,"href":"https:\/\/vidasmilecare.com\/pl\/wp-json\/wp\/v2\/pages\/1710\/revisions"}],"predecessor-version":[{"id":3908,"href":"https:\/\/vidasmilecare.com\/pl\/wp-json\/wp\/v2\/pages\/1710\/revisions\/3908"}],"wp:attachment":[{"href":"https:\/\/vidasmilecare.com\/pl\/wp-json\/wp\/v2\/media?parent=1710"}],"curies":[{"name":"wp","href":"https:\/\/api.w.org\/{rel}","templated":true}]}}