{"id":506,"date":"2024-03-21T23:02:40","date_gmt":"2024-03-21T23:02:40","guid":{"rendered":"https:\/\/vidasmilecare.com\/?page_id=506"},"modified":"2025-06-05T19:02:55","modified_gmt":"2025-06-05T19:02:55","slug":"refund_returns","status":"publish","type":"page","link":"https:\/\/vidasmilecare.com\/pl\/refund_returns\/","title":{"rendered":"Polityka zwrot\u00f3w i zwrot\u00f3w"},"content":{"rendered":"<div data-elementor-type=\"wp-page\" data-elementor-id=\"506\" class=\"elementor elementor-506\" data-elementor-post-type=\"page\">\n\t\t\t\t\t\t<section data-particle_enable=\"false\" data-particle-mobile-disabled=\"false\" class=\"elementor-section elementor-top-section elementor-element elementor-element-e8742c7 elementor-section-boxed elementor-section-height-default elementor-section-height-default\" data-id=\"e8742c7\" data-element_type=\"section\" data-settings=\"{&quot;background_background&quot;:&quot;classic&quot;,&quot;ekit_has_onepagescroll_dot&quot;:&quot;yes&quot;}\">\n\t\t\t\t\t\t<div class=\"elementor-container elementor-column-gap-default\">\n\t\t\t\t\t<div class=\"elementor-column elementor-col-100 elementor-top-column elementor-element elementor-element-884aedc\" data-id=\"884aedc\" data-element_type=\"column\">\n\t\t\t<div class=\"elementor-widget-wrap elementor-element-populated\">\n\t\t\t\t\t\t<div class=\"elementor-element elementor-element-f1781b2 elementor-widget elementor-widget-heading\" data-id=\"f1781b2\" data-element_type=\"widget\" data-settings=\"{&quot;ekit_we_effect_on&quot;:&quot;none&quot;}\" data-widget_type=\"heading.default\">\n\t\t\t\t<div class=\"elementor-widget-container\">\n\t\t\t<h2 class=\"elementor-heading-title elementor-size-default\">Polityka zwrot\u00f3w i zwrot\u00f3w<\/h2>\t\t<\/div>\n\t\t\t\t<\/div>\n\t\t\t\t\t<\/div>\n\t\t<\/div>\n\t\t\t\t\t<\/div>\n\t\t<\/section>\n\t\t\t\t<section data-particle_enable=\"false\" data-particle-mobile-disabled=\"false\" class=\"elementor-section elementor-top-section elementor-element elementor-element-7292023 elementor-section-boxed elementor-section-height-default elementor-section-height-default\" data-id=\"7292023\" data-element_type=\"section\" data-settings=\"{&quot;ekit_has_onepagescroll_dot&quot;:&quot;yes&quot;}\">\n\t\t\t\t\t\t<div class=\"elementor-container elementor-column-gap-default\">\n\t\t\t\t\t<div class=\"elementor-column elementor-col-100 elementor-top-column elementor-element elementor-element-3f2c71a\" data-id=\"3f2c71a\" data-element_type=\"column\">\n\t\t\t<div class=\"elementor-widget-wrap elementor-element-populated\">\n\t\t\t\t\t\t<div class=\"elementor-element elementor-element-dda8632 elementor-invisible elementor-widget elementor-widget-heading\" data-id=\"dda8632\" data-element_type=\"widget\" data-settings=\"{&quot;_animation&quot;:&quot;fadeInLeft&quot;,&quot;ekit_we_effect_on&quot;:&quot;none&quot;}\" data-widget_type=\"heading.default\">\n\t\t\t\t<div class=\"elementor-widget-container\">\n\t\t\t<h2 class=\"elementor-heading-title elementor-size-default\">PRZEGL\u0104D<\/h2>\t\t<\/div>\n\t\t\t\t<\/div>\n\t\t\t\t<div class=\"elementor-element elementor-element-2836d8b elementor-invisible elementor-widget elementor-widget-text-editor\" data-id=\"2836d8b\" data-element_type=\"widget\" data-settings=\"{&quot;_animation&quot;:&quot;fadeInLeft&quot;,&quot;ekit_we_effect_on&quot;:&quot;none&quot;}\" data-widget_type=\"text-editor.default\">\n\t\t\t\t<div class=\"elementor-widget-container\">\n\t\t\t\t\t\t\t<p>Zakup aparatu dentystycznego wykonanego na zam\u00f3wienie od Vida Smiles nie przypomina zakupu gotowego produktu od sprzedawcy detalicznego. Jak w przypadku ka\u017cdej firmy tworz\u0105cej produkt naprawd\u0119 na zam\u00f3wienie, nigdy nie zwr\u00f3cimy nak\u0142adu pracy w\u0142o\u017conej w Twoje urz\u0105dzenie. Ch\u0119tnie wsp\u00f3\u0142pracujemy z naszymi Klientami i do\u0142o\u017cymy wszelkich stara\u0144, aby sprosta\u0107 Pa\u0144stwa oczekiwaniom. Wk\u0142adamy ca\u0142e serce w tworzenie wysokiej jako\u015bci produkt\u00f3w dentystycznych i nie jeste\u015bmy usatysfakcjonowani, dop\u00f3ki Ty nie b\u0119dziesz zadowolony.<\/p>\t\t\t\t\t\t<\/div>\n\t\t\t\t<\/div>\n\t\t\t\t<div class=\"elementor-element elementor-element-74823e8 elementor-invisible elementor-widget elementor-widget-heading\" data-id=\"74823e8\" data-element_type=\"widget\" data-settings=\"{&quot;_animation&quot;:&quot;fadeInLeft&quot;,&quot;ekit_we_effect_on&quot;:&quot;none&quot;}\" data-widget_type=\"heading.default\">\n\t\t\t\t<div class=\"elementor-widget-container\">\n\t\t\t<h2 class=\"elementor-heading-title elementor-size-default\">ZWROTY\n<\/h2>\t\t<\/div>\n\t\t\t\t<\/div>\n\t\t\t\t<div class=\"elementor-element elementor-element-6dfc869 elementor-invisible elementor-widget elementor-widget-text-editor\" data-id=\"6dfc869\" data-element_type=\"widget\" data-settings=\"{&quot;_animation&quot;:&quot;fadeInLeft&quot;,&quot;ekit_we_effect_on&quot;:&quot;none&quot;}\" data-widget_type=\"text-editor.default\">\n\t\t\t\t<div class=\"elementor-widget-container\">\n\t\t\t\t\t\t\t<p>Ze wzgl\u0119du na higieniczny charakter aparaty stomatologiczne wykonywane s\u0105 na wymiar<strong> nie refundowane,<\/strong> ale dok\u0142adamy wszelkich stara\u0144, aby zapewni\u0107, \u017ce b\u0119dziesz zadowolony z do\u015bwiadcze\u0144 z Vida Smiles. Je\u017celi otrzymasz kompletne, wykonane na zam\u00f3wienie urz\u0105dzenie, kt\u00f3re nie b\u0119dzie pasowa\u0107, masz prawo do ponownego pobrania wycisku jeden (1) raz, a firma Vida Smiles bezp\u0142atnie przerobi nowe urz\u0105dzenie. Oryginalne, niepasuj\u0105ce urz\u0105dzenie nale\u017cy zwr\u00f3ci\u0107 i nie mo\u017ce nosi\u0107 \u017cadnych \u015blad\u00f3w zu\u017cycia ani uszkodze\u0144. Je\u015bli zdecydujesz si\u0119 anulowa\u0107 zam\u00f3wienie co najmniej 24 godziny przed wizyt\u0105 skanuj\u0105c\u0105, otrzymasz pe\u0142ny zwrot pieni\u0119dzy. Po wizycie skanowania wycisk\u00f3w zwroty nie s\u0105 wa\u017cne.<\/p><div id=\"primary\" class=\"content-area\"><p data-renderer-start-pos=\"1\">In some cases, we may need to cancel or reschedule an appointment. If this occurs, we will notify the client and discuss a new appointment time over the phone. If the client agrees to the new appointment schedule, please note that the refund will no longer be applicable.<\/p><p data-renderer-start-pos=\"275\">This ensures clarity that refunds won&#8217;t be available after a rescheduled appointment is agreed upon via phone.<\/p><\/div>\t\t\t\t\t\t<\/div>\n\t\t\t\t<\/div>\n\t\t\t\t<div class=\"elementor-element elementor-element-be4b4dc elementor-invisible elementor-widget elementor-widget-heading\" data-id=\"be4b4dc\" data-element_type=\"widget\" data-settings=\"{&quot;_animation&quot;:&quot;fadeInLeft&quot;,&quot;ekit_we_effect_on&quot;:&quot;none&quot;}\" data-widget_type=\"heading.default\">\n\t\t\t\t<div class=\"elementor-widget-container\">\n\t\t\t<h2 class=\"elementor-heading-title elementor-size-default\">REGULACJA I PONOWNE URZ\u0104DZENIA\n<\/h2>\t\t<\/div>\n\t\t\t\t<\/div>\n\t\t\t\t<div class=\"elementor-element elementor-element-f9338a7 elementor-invisible elementor-widget elementor-widget-text-editor\" data-id=\"f9338a7\" data-element_type=\"widget\" data-settings=\"{&quot;_animation&quot;:&quot;fadeInLeft&quot;,&quot;ekit_we_effect_on&quot;:&quot;none&quot;}\" data-widget_type=\"text-editor.default\">\n\t\t\t\t<div class=\"elementor-widget-container\">\n\t\t\t\t\t\t\t<p>Twoje nowe urz\u0105dzenie nie pasuje dok\u0142adnie tak, jak lubisz? Nie martw si\u0119, ch\u0119tnie dokonamy BEZP\u0141ATNYCH regulacji Twojego urz\u0105dzenia w ramach 30-dniowej gwarancji. Wystarczy skontaktowa\u0107 si\u0119 z naszym dzia\u0142em obs\u0142ugi klienta pod adresem e-mail <a href=\"mailto:support@vidasmilecare.com\">support@vidasmilecare.com<\/a> aby om\u00f3wi\u0107, jak mo\u017cemy to naprawi\u0107. 30-dniowa gwarancja Vida Smile obejmuje wszelkie regulacje, p\u0119kni\u0119cia, p\u0119kni\u0119cia, z\u0142amania lub utrat\u0119 z\u0119b\u00f3w protetycznych bez \u017cadnych koszt\u00f3w. Jednak\u017ce Dental Lab Direct nie przerobi, nie naprawi ani nie wymieni Twojego aparatu z powodu: utraty, odbarwienia, normalnego zu\u017cycia, zaniedbania, nadwra\u017cliwo\u015bci lub nadu\u017cycia.<\/p>\t\t\t\t\t\t<\/div>\n\t\t\t\t<\/div>\n\t\t\t\t<div class=\"elementor-element elementor-element-adccd9d elementor-invisible elementor-widget elementor-widget-heading\" data-id=\"adccd9d\" data-element_type=\"widget\" data-settings=\"{&quot;_animation&quot;:&quot;fadeInLeft&quot;,&quot;ekit_we_effect_on&quot;:&quot;none&quot;}\" data-widget_type=\"heading.default\">\n\t\t\t\t<div class=\"elementor-widget-container\">\n\t\t\t<h2 class=\"elementor-heading-title elementor-size-default\">DOSTAWA I ZWROTY\n<\/h2>\t\t<\/div>\n\t\t\t\t<\/div>\n\t\t\t\t<div class=\"elementor-element elementor-element-871f9ce elementor-invisible elementor-widget elementor-widget-text-editor\" data-id=\"871f9ce\" data-element_type=\"widget\" data-settings=\"{&quot;_animation&quot;:&quot;fadeInLeft&quot;,&quot;ekit_we_effect_on&quot;:&quot;none&quot;}\" data-widget_type=\"text-editor.default\">\n\t\t\t\t<div class=\"elementor-widget-container\">\n\t\t\t\t\t\t\t<p>Aby zwr\u00f3ci\u0107 produkt, wy\u015blij na adres:<\/p><p><strong>Vida Smiles LLC<\/strong><\/p><p><strong>8909 W. Cermak rd.<\/strong><br \/><strong>North Riverside, Il 60540<\/strong><\/p><p>B\u0119dziesz odpowiedzialny za op\u0142acenie koszt\u00f3w wysy\u0142ki zwi\u0105zanej ze zwrotem przedmiotu. Je\u015bli zwracasz dro\u017cszy przedmiot, mo\u017cesz rozwa\u017cy\u0107 skorzystanie z us\u0142ugi \u015bledzenia przesy\u0142ki lub wykupienie ubezpieczenia przesy\u0142ki. Pami\u0119taj o sporz\u0105dzeniu listu przewozowego <a style=\"color: #000; text-decoration: underline;\" href=\"https:\/\/vidasmilecare.com\/pl\/return-form\/\" target=\"_blank\" rel=\"noopener\"><strong>click here<\/strong><\/a> i podaj swoje imi\u0119 i nazwisko, numer zam\u00f3wienia oraz pow\u00f3d zwrotu.<\/p>\t\t\t\t\t\t<\/div>\n\t\t\t\t<\/div>\n\t\t\t\t\t<\/div>\n\t\t<\/div>\n\t\t\t\t\t<\/div>\n\t\t<\/section>\n\t\t\t\t<\/div>","protected":false},"excerpt":{"rendered":"<p>Refund and Returns Policy OVERVIEW Purchasing a custom-made dental appliance from Vida Smiles is not like purchasing an off-the-shelf product from a retailer. As with any company that creates a truly custom-made product we can never recoup the amount of work we put into your appliance. We are happy to always work with our customers [&hellip;]<\/p>","protected":false},"author":1,"featured_media":0,"parent":0,"menu_order":0,"comment_status":"closed","ping_status":"closed","template":"elementor_header_footer","meta":{"footnotes":""},"yoast_head":"<!-- This site is optimized with the Yoast SEO plugin v22.8 - https:\/\/yoast.com\/wordpress\/plugins\/seo\/ -->\n<title>Refund and Returns Policy | Vida Smile Care<\/title>\n<meta name=\"description\" content=\"Understand Vida Smile Care&#039;s refund &amp; return policy for dental appliances like flippers &amp; night guards. Know your options before you order!\" \/>\n<meta name=\"robots\" content=\"index, follow, max-snippet:-1, max-image-preview:large, max-video-preview:-1\" \/>\n<link rel=\"canonical\" href=\"https:\/\/vidasmilecare.com\/pl\/refund_returns\/\" \/>\n<meta property=\"og:locale\" content=\"pl_PL\" \/>\n<meta property=\"og:type\" content=\"article\" \/>\n<meta property=\"og:title\" content=\"Refund and Returns Policy | Vida Smile Care\" \/>\n<meta property=\"og:description\" content=\"Understand Vida Smile Care&#039;s refund &amp; return policy for dental appliances like flippers &amp; night guards. Know your options before you order!\" \/>\n<meta property=\"og:url\" content=\"https:\/\/vidasmilecare.com\/pl\/refund_returns\/\" \/>\n<meta property=\"og:site_name\" content=\"VIDA SMILES\" \/>\n<meta property=\"article:modified_time\" content=\"2025-06-05T19:02:55+00:00\" \/>\n<meta name=\"twitter:card\" content=\"summary_large_image\" \/>\n<meta name=\"twitter:label1\" content=\"Est. reading time\" \/>\n\t<meta name=\"twitter:data1\" content=\"2 minuty\" \/>\n<script type=\"application\/ld+json\" class=\"yoast-schema-graph\">{\"@context\":\"https:\/\/schema.org\",\"@graph\":[{\"@type\":\"WebPage\",\"@id\":\"https:\/\/vidasmilecare.com\/refund_returns\/\",\"url\":\"https:\/\/vidasmilecare.com\/refund_returns\/\",\"name\":\"Refund and Returns Policy | Vida Smile Care\",\"isPartOf\":{\"@id\":\"https:\/\/vidasmilecare.com\/#website\"},\"datePublished\":\"2024-03-21T23:02:40+00:00\",\"dateModified\":\"2025-06-05T19:02:55+00:00\",\"description\":\"Understand Vida Smile Care's refund & return policy for dental appliances like flippers & night guards. Know your options before you order!\",\"breadcrumb\":{\"@id\":\"https:\/\/vidasmilecare.com\/refund_returns\/#breadcrumb\"},\"inLanguage\":\"pl-PL\",\"potentialAction\":[{\"@type\":\"ReadAction\",\"target\":[\"https:\/\/vidasmilecare.com\/refund_returns\/\"]}]},{\"@type\":\"BreadcrumbList\",\"@id\":\"https:\/\/vidasmilecare.com\/refund_returns\/#breadcrumb\",\"itemListElement\":[{\"@type\":\"ListItem\",\"position\":1,\"name\":\"Home\",\"item\":\"https:\/\/vidasmilecare.com\/\"},{\"@type\":\"ListItem\",\"position\":2,\"name\":\"Refund and Returns Policy\"}]},{\"@type\":\"WebSite\",\"@id\":\"https:\/\/vidasmilecare.com\/#website\",\"url\":\"https:\/\/vidasmilecare.com\/\",\"name\":\"VIDA SMILES\",\"description\":\"\",\"potentialAction\":[{\"@type\":\"SearchAction\",\"target\":{\"@type\":\"EntryPoint\",\"urlTemplate\":\"https:\/\/vidasmilecare.com\/?s={search_term_string}\"},\"query-input\":\"required name=search_term_string\"}],\"inLanguage\":\"pl-PL\"}]}<\/script>\n<!-- \/ Yoast SEO plugin. -->","yoast_head_json":{"title":"Refund and Returns Policy | Vida Smile Care","description":"Understand Vida Smile Care's refund & return policy for dental appliances like flippers & night guards. Know your options before you order!","robots":{"index":"index","follow":"follow","max-snippet":"max-snippet:-1","max-image-preview":"max-image-preview:large","max-video-preview":"max-video-preview:-1"},"canonical":"https:\/\/vidasmilecare.com\/pl\/refund_returns\/","og_locale":"pl_PL","og_type":"article","og_title":"Refund and Returns Policy | Vida Smile Care","og_description":"Understand Vida Smile Care's refund & return policy for dental appliances like flippers & night guards. Know your options before you order!","og_url":"https:\/\/vidasmilecare.com\/pl\/refund_returns\/","og_site_name":"VIDA SMILES","article_modified_time":"2025-06-05T19:02:55+00:00","twitter_card":"summary_large_image","twitter_misc":{"Est. reading time":"2 minuty"},"schema":{"@context":"https:\/\/schema.org","@graph":[{"@type":"WebPage","@id":"https:\/\/vidasmilecare.com\/refund_returns\/","url":"https:\/\/vidasmilecare.com\/refund_returns\/","name":"Refund and Returns Policy | Vida Smile Care","isPartOf":{"@id":"https:\/\/vidasmilecare.com\/#website"},"datePublished":"2024-03-21T23:02:40+00:00","dateModified":"2025-06-05T19:02:55+00:00","description":"Understand Vida Smile Care's refund & return policy for dental appliances like flippers & night guards. Know your options before you order!","breadcrumb":{"@id":"https:\/\/vidasmilecare.com\/refund_returns\/#breadcrumb"},"inLanguage":"pl-PL","potentialAction":[{"@type":"ReadAction","target":["https:\/\/vidasmilecare.com\/refund_returns\/"]}]},{"@type":"BreadcrumbList","@id":"https:\/\/vidasmilecare.com\/refund_returns\/#breadcrumb","itemListElement":[{"@type":"ListItem","position":1,"name":"Home","item":"https:\/\/vidasmilecare.com\/"},{"@type":"ListItem","position":2,"name":"Refund and Returns Policy"}]},{"@type":"WebSite","@id":"https:\/\/vidasmilecare.com\/#website","url":"https:\/\/vidasmilecare.com\/","name":"VIDA SMILES","description":"","potentialAction":[{"@type":"SearchAction","target":{"@type":"EntryPoint","urlTemplate":"https:\/\/vidasmilecare.com\/?s={search_term_string}"},"query-input":"required name=search_term_string"}],"inLanguage":"pl-PL"}]}},"_links":{"self":[{"href":"https:\/\/vidasmilecare.com\/pl\/wp-json\/wp\/v2\/pages\/506"}],"collection":[{"href":"https:\/\/vidasmilecare.com\/pl\/wp-json\/wp\/v2\/pages"}],"about":[{"href":"https:\/\/vidasmilecare.com\/pl\/wp-json\/wp\/v2\/types\/page"}],"author":[{"embeddable":true,"href":"https:\/\/vidasmilecare.com\/pl\/wp-json\/wp\/v2\/users\/1"}],"replies":[{"embeddable":true,"href":"https:\/\/vidasmilecare.com\/pl\/wp-json\/wp\/v2\/comments?post=506"}],"version-history":[{"count":55,"href":"https:\/\/vidasmilecare.com\/pl\/wp-json\/wp\/v2\/pages\/506\/revisions"}],"predecessor-version":[{"id":3938,"href":"https:\/\/vidasmilecare.com\/pl\/wp-json\/wp\/v2\/pages\/506\/revisions\/3938"}],"wp:attachment":[{"href":"https:\/\/vidasmilecare.com\/pl\/wp-json\/wp\/v2\/media?parent=506"}],"curies":[{"name":"wp","href":"https:\/\/api.w.org\/{rel}","templated":true}]}}