{"id":529,"date":"2024-03-05T19:42:49","date_gmt":"2024-03-05T19:42:49","guid":{"rendered":"https:\/\/vidasmilecare.com\/?post_type=product&#038;p=529"},"modified":"2024-12-20T23:45:50","modified_gmt":"2024-12-20T23:45:50","slug":"teeth-whitening-trays","status":"publish","type":"product","link":"https:\/\/vidasmilecare.com\/pl\/product\/teeth-whitening-trays\/","title":{"rendered":"Profesjonalny zestaw do wybielania z\u0119b\u00f3w Vida"},"content":{"rendered":"","protected":false},"excerpt":{"rendered":"<p>Zestaw do wybielania z\u0119b\u00f3w Vida Smiles Professional zawiera zar\u00f3wno g\u00f3rne, jak i dolne, wykonane w laboratorium, niestandardowe nak\u0142adki wybielaj\u0105ce oraz 2 strzykawki najwy\u017cszej jako\u015bci \u017celu nadtlenku karbamidu<strong>. No\u00a0<\/strong>Niezb\u0119dne o\u015bwietlenie LED. Uzyskanie profesjonalnego aparatu stomatologicznego od vida Smiles nigdy nie by\u0142o \u0142atwiejsze. Wystarczy z\u0142o\u017cy\u0107 zam\u00f3wienie online i zarezerwowa\u0107 wizyt\u0119.<\/p>","protected":false},"featured_media":1038,"template":"","meta":[],"product_cat":[25],"product_tag":[],"yoast_head":"<!-- This site is optimized with the Yoast SEO plugin v22.8 - https:\/\/yoast.com\/wordpress\/plugins\/seo\/ -->\n<title>Teeth Whitening Kit | Vida Smile Care<\/title>\n<meta name=\"description\" content=\"Get a brighter smile with our teeth whitening kit! Customize your experience with custom trays or convenient whitening strips, available online.\" \/>\n<meta name=\"robots\" content=\"index, follow, max-snippet:-1, max-image-preview:large, max-video-preview:-1\" \/>\n<link rel=\"canonical\" href=\"https:\/\/vidasmilecare.com\/pl\/product\/teeth-whitening-trays\/\" \/>\n<meta property=\"og:locale\" content=\"pl_PL\" \/>\n<meta property=\"og:type\" content=\"article\" \/>\n<meta property=\"og:title\" content=\"Teeth Whitening Kit | Vida Smile Care\" \/>\n<meta property=\"og:description\" content=\"Get a brighter smile with our teeth whitening kit! Customize your experience with custom trays or convenient whitening strips, available online.\" \/>\n<meta property=\"og:url\" content=\"https:\/\/vidasmilecare.com\/pl\/product\/teeth-whitening-trays\/\" \/>\n<meta property=\"og:site_name\" content=\"VIDA SMILES\" \/>\n<meta property=\"article:modified_time\" content=\"2024-12-20T23:45:50+00:00\" \/>\n<meta property=\"og:image\" content=\"https:\/\/vidasmilecare.com\/wp-content\/uploads\/2024\/03\/DLD-teeth-whitening-1.jpg\" \/>\n\t<meta property=\"og:image:width\" content=\"1920\" \/>\n\t<meta property=\"og:image:height\" content=\"1500\" \/>\n\t<meta property=\"og:image:type\" content=\"image\/jpeg\" \/>\n<meta name=\"twitter:card\" content=\"summary_large_image\" \/>\n<meta name=\"twitter:label1\" content=\"Est. reading time\" \/>\n\t<meta name=\"twitter:data1\" content=\"1 minuta\" \/>\n<script type=\"application\/ld+json\" class=\"yoast-schema-graph\">{\"@context\":\"https:\/\/schema.org\",\"@graph\":[{\"@type\":\"WebPage\",\"@id\":\"https:\/\/vidasmilecare.com\/product\/teeth-whitening-trays\/\",\"url\":\"https:\/\/vidasmilecare.com\/product\/teeth-whitening-trays\/\",\"name\":\"Teeth Whitening Kit | Vida Smile Care\",\"isPartOf\":{\"@id\":\"https:\/\/vidasmilecare.com\/#website\"},\"primaryImageOfPage\":{\"@id\":\"https:\/\/vidasmilecare.com\/product\/teeth-whitening-trays\/#primaryimage\"},\"image\":{\"@id\":\"https:\/\/vidasmilecare.com\/product\/teeth-whitening-trays\/#primaryimage\"},\"thumbnailUrl\":\"https:\/\/vidasmilecare.com\/wp-content\/uploads\/2024\/03\/DLD-teeth-whitening-1.jpg\",\"datePublished\":\"2024-03-05T19:42:49+00:00\",\"dateModified\":\"2024-12-20T23:45:50+00:00\",\"description\":\"Get a brighter smile with our teeth whitening kit! Customize your experience with custom trays or convenient whitening strips, available online.\",\"breadcrumb\":{\"@id\":\"https:\/\/vidasmilecare.com\/product\/teeth-whitening-trays\/#breadcrumb\"},\"inLanguage\":\"pl-PL\",\"potentialAction\":[{\"@type\":\"ReadAction\",\"target\":[\"https:\/\/vidasmilecare.com\/product\/teeth-whitening-trays\/\"]}]},{\"@type\":\"ImageObject\",\"inLanguage\":\"pl-PL\",\"@id\":\"https:\/\/vidasmilecare.com\/product\/teeth-whitening-trays\/#primaryimage\",\"url\":\"https:\/\/vidasmilecare.com\/wp-content\/uploads\/2024\/03\/DLD-teeth-whitening-1.jpg\",\"contentUrl\":\"https:\/\/vidasmilecare.com\/wp-content\/uploads\/2024\/03\/DLD-teeth-whitening-1.jpg\",\"width\":1920,\"height\":1500},{\"@type\":\"BreadcrumbList\",\"@id\":\"https:\/\/vidasmilecare.com\/product\/teeth-whitening-trays\/#breadcrumb\",\"itemListElement\":[{\"@type\":\"ListItem\",\"position\":1,\"name\":\"Home\",\"item\":\"https:\/\/vidasmilecare.com\/\"},{\"@type\":\"ListItem\",\"position\":2,\"name\":\"Shop\",\"item\":\"https:\/\/vidasmilecare.com\/shop\/\"},{\"@type\":\"ListItem\",\"position\":3,\"name\":\"Vida Professional Teeth Whitening Kit\"}]},{\"@type\":\"WebSite\",\"@id\":\"https:\/\/vidasmilecare.com\/#website\",\"url\":\"https:\/\/vidasmilecare.com\/\",\"name\":\"VIDA SMILES\",\"description\":\"\",\"potentialAction\":[{\"@type\":\"SearchAction\",\"target\":{\"@type\":\"EntryPoint\",\"urlTemplate\":\"https:\/\/vidasmilecare.com\/?s={search_term_string}\"},\"query-input\":\"required name=search_term_string\"}],\"inLanguage\":\"pl-PL\"}]}<\/script>\n<!-- \/ Yoast SEO plugin. -->","yoast_head_json":{"title":"Teeth Whitening Kit | Vida Smile Care","description":"Get a brighter smile with our teeth whitening kit! Customize your experience with custom trays or convenient whitening strips, available online.","robots":{"index":"index","follow":"follow","max-snippet":"max-snippet:-1","max-image-preview":"max-image-preview:large","max-video-preview":"max-video-preview:-1"},"canonical":"https:\/\/vidasmilecare.com\/pl\/product\/teeth-whitening-trays\/","og_locale":"pl_PL","og_type":"article","og_title":"Teeth Whitening Kit | Vida Smile Care","og_description":"Get a brighter smile with our teeth whitening kit! Customize your experience with custom trays or convenient whitening strips, available online.","og_url":"https:\/\/vidasmilecare.com\/pl\/product\/teeth-whitening-trays\/","og_site_name":"VIDA SMILES","article_modified_time":"2024-12-20T23:45:50+00:00","og_image":[{"width":1920,"height":1500,"url":"https:\/\/vidasmilecare.com\/wp-content\/uploads\/2024\/03\/DLD-teeth-whitening-1.jpg","type":"image\/jpeg"}],"twitter_card":"summary_large_image","twitter_misc":{"Est. reading time":"1 minuta"},"schema":{"@context":"https:\/\/schema.org","@graph":[{"@type":"WebPage","@id":"https:\/\/vidasmilecare.com\/product\/teeth-whitening-trays\/","url":"https:\/\/vidasmilecare.com\/product\/teeth-whitening-trays\/","name":"Teeth Whitening Kit | Vida Smile Care","isPartOf":{"@id":"https:\/\/vidasmilecare.com\/#website"},"primaryImageOfPage":{"@id":"https:\/\/vidasmilecare.com\/product\/teeth-whitening-trays\/#primaryimage"},"image":{"@id":"https:\/\/vidasmilecare.com\/product\/teeth-whitening-trays\/#primaryimage"},"thumbnailUrl":"https:\/\/vidasmilecare.com\/wp-content\/uploads\/2024\/03\/DLD-teeth-whitening-1.jpg","datePublished":"2024-03-05T19:42:49+00:00","dateModified":"2024-12-20T23:45:50+00:00","description":"Get a brighter smile with our teeth whitening kit! Customize your experience with custom trays or convenient whitening strips, available online.","breadcrumb":{"@id":"https:\/\/vidasmilecare.com\/product\/teeth-whitening-trays\/#breadcrumb"},"inLanguage":"pl-PL","potentialAction":[{"@type":"ReadAction","target":["https:\/\/vidasmilecare.com\/product\/teeth-whitening-trays\/"]}]},{"@type":"ImageObject","inLanguage":"pl-PL","@id":"https:\/\/vidasmilecare.com\/product\/teeth-whitening-trays\/#primaryimage","url":"https:\/\/vidasmilecare.com\/wp-content\/uploads\/2024\/03\/DLD-teeth-whitening-1.jpg","contentUrl":"https:\/\/vidasmilecare.com\/wp-content\/uploads\/2024\/03\/DLD-teeth-whitening-1.jpg","width":1920,"height":1500},{"@type":"BreadcrumbList","@id":"https:\/\/vidasmilecare.com\/product\/teeth-whitening-trays\/#breadcrumb","itemListElement":[{"@type":"ListItem","position":1,"name":"Home","item":"https:\/\/vidasmilecare.com\/"},{"@type":"ListItem","position":2,"name":"Shop","item":"https:\/\/vidasmilecare.com\/shop\/"},{"@type":"ListItem","position":3,"name":"Vida Professional Teeth Whitening Kit"}]},{"@type":"WebSite","@id":"https:\/\/vidasmilecare.com\/#website","url":"https:\/\/vidasmilecare.com\/","name":"VIDA SMILES","description":"","potentialAction":[{"@type":"SearchAction","target":{"@type":"EntryPoint","urlTemplate":"https:\/\/vidasmilecare.com\/?s={search_term_string}"},"query-input":"required name=search_term_string"}],"inLanguage":"pl-PL"}]}},"_links":{"self":[{"href":"https:\/\/vidasmilecare.com\/pl\/wp-json\/wp\/v2\/product\/529"}],"collection":[{"href":"https:\/\/vidasmilecare.com\/pl\/wp-json\/wp\/v2\/product"}],"about":[{"href":"https:\/\/vidasmilecare.com\/pl\/wp-json\/wp\/v2\/types\/product"}],"wp:featuredmedia":[{"embeddable":true,"href":"https:\/\/vidasmilecare.com\/pl\/wp-json\/wp\/v2\/media\/1038"}],"wp:attachment":[{"href":"https:\/\/vidasmilecare.com\/pl\/wp-json\/wp\/v2\/media?parent=529"}],"wp:term":[{"taxonomy":"product_cat","embeddable":true,"href":"https:\/\/vidasmilecare.com\/pl\/wp-json\/wp\/v2\/product_cat?post=529"},{"taxonomy":"product_tag","embeddable":true,"href":"https:\/\/vidasmilecare.com\/pl\/wp-json\/wp\/v2\/product_tag?post=529"}],"curies":[{"name":"wp","href":"https:\/\/api.w.org\/{rel}","templated":true}]}}